{"id":1936,"date":"2021-04-14T11:06:21","date_gmt":"2021-04-14T04:06:21","guid":{"rendered":"https:\/\/sochemvn.com\/?post_type=product&#038;p=1936"},"modified":"2022-03-25T14:18:32","modified_gmt":"2022-03-25T07:18:32","slug":"thep-thanh-van","status":"publish","type":"product","link":"https:\/\/cardanol.vn\/en\/san-pham\/thep-thanh-van\/","title":{"rendered":"Th\u00e9p thanh v\u1eb1n"},"content":{"rendered":"<p style=\"text-align: justify;\"><strong>Ch\u1ee7ng lo\u1ea1i v\u00e0 k\u00edch th\u01b0\u1edbc<\/strong><\/p>\n<ul>\n<li>Ch\u1ee7ng lo\u1ea1i: D10, D12, D13, D14, D16, D18, D19, D20, D22, D25, D28, D29, D30, D32, D35, D36, D38, D40, D41, D43.<\/li>\n<li>Chi\u1ec1u d\u00e0i b\u00f3: Chi\u1ec1u d\u00e0i th\u01b0\u01a1ng m\u1ea1i l\u00e0 11.7m v\u00e0 12m ho\u1eb7c theo y\u00eau c\u1ea7u kh\u00e1ch h\u00e0ng.<\/li>\n<li>Tr\u1ecdng l\u01b0\u1ee3ng b\u00f3: ~ 2500 kg.<\/li>\n<\/ul>\n<p><strong>Y\u00eau c\u1ea7u k\u1ef9 thu\u1eadt<\/strong><\/p>\n<table width=\"100%\">\n<tbody>\n<tr>\n<td width=\"33%\"><strong>Ch\u1ee7ng lo\u1ea1i s\u1ea3n ph\u1ea9m<\/strong><\/td>\n<td width=\"33%\"><strong>Quy c\u00e1ch<\/strong><\/td>\n<td width=\"34%\"><strong>Ti\u00eau chu\u1ea9n \u00e1p d\u1ee5ng<\/strong><\/td>\n<\/tr>\n<tr>\n<td>D10 \u00f7 D43<\/td>\n<td>Thanh<\/td>\n<td>TCVN 1651-2:2018<br \/>\nJIS G3112 \u2013 2010<br \/>\nASTM A615\/A615M-18<\/td>\n<\/tr>\n<\/tbody>\n<\/table>\n<p><strong>\u1ee8ng d\u1ee5ng<\/strong><\/p>\n<ul>\n<li>X\u00e2y d\u1ef1ng c\u00f4ng tr\u00ecnh d\u00e2n d\u1ee5ng, c\u00f4ng nghi\u1ec7p, nh\u00e0 cao t\u1ea7ng, c\u1ea7u &#8211; \u0111\u01b0\u1eddng&#8230;<\/li>\n<\/ul>\n","protected":false},"excerpt":{"rendered":"<p>Ch\u1ee7ng lo\u1ea1i v\u00e0 k\u00edch th\u01b0\u1edbc Ch\u1ee7ng lo\u1ea1i: D10, D12, D13, D14, D16, D18, D19, D20, D22, D25, D28, D29, D30, D32, D35, D36, D38, D40, D41, D43. Chi\u1ec1u d\u00e0i b\u00f3: Chi\u1ec1u d\u00e0i th\u01b0\u01a1ng m\u1ea1i l\u00e0 11.7m v\u00e0 12m ho\u1eb7c theo y\u00eau c\u1ea7u kh\u00e1ch h\u00e0ng. Tr\u1ecdng l\u01b0\u1ee3ng b\u00f3: ~ 2500 kg. Y\u00eau c\u1ea7u k\u1ef9 thu\u1eadt Ch\u1ee7ng&#8230;<\/p>\n","protected":false},"featured_media":2590,"template":"","meta":[],"product_brand":[],"product_cat":[105],"product_tag":[],"class_list":{"0":"post-1936","1":"product","2":"type-product","3":"status-publish","4":"has-post-thumbnail","6":"product_cat-san-pham-thep","8":"first","9":"instock","10":"shipping-taxable","11":"purchasable","12":"product-type-simple"},"_links":{"self":[{"href":"https:\/\/cardanol.vn\/en\/wp-json\/wp\/v2\/product\/1936","targetHints":{"allow":["GET"]}}],"collection":[{"href":"https:\/\/cardanol.vn\/en\/wp-json\/wp\/v2\/product"}],"about":[{"href":"https:\/\/cardanol.vn\/en\/wp-json\/wp\/v2\/types\/product"}],"wp:featuredmedia":[{"embeddable":true,"href":"https:\/\/cardanol.vn\/en\/wp-json\/wp\/v2\/media\/2590"}],"wp:attachment":[{"href":"https:\/\/cardanol.vn\/en\/wp-json\/wp\/v2\/media?parent=1936"}],"wp:term":[{"taxonomy":"product_brand","embeddable":true,"href":"https:\/\/cardanol.vn\/en\/wp-json\/wp\/v2\/product_brand?post=1936"},{"taxonomy":"product_cat","embeddable":true,"href":"https:\/\/cardanol.vn\/en\/wp-json\/wp\/v2\/product_cat?post=1936"},{"taxonomy":"product_tag","embeddable":true,"href":"https:\/\/cardanol.vn\/en\/wp-json\/wp\/v2\/product_tag?post=1936"}],"curies":[{"name":"wp","href":"https:\/\/api.w.org\/{rel}","templated":true}]}}