{"id":2593,"date":"2022-03-01T16:12:59","date_gmt":"2022-03-01T09:12:59","guid":{"rendered":"http:\/\/lenmau3369.chiliweb.org\/?post_type=product&#038;p=2593"},"modified":"2022-03-25T14:18:32","modified_gmt":"2022-03-25T07:18:32","slug":"thep-thanh-tron-tron","status":"publish","type":"product","link":"https:\/\/cardanol.vn\/en\/san-pham\/thep-thanh-tron-tron\/","title":{"rendered":"Th\u00e9p thanh tr\u00f2n tr\u01a1n"},"content":{"rendered":"<p><strong>Ch\u1ee7ng lo\u1ea1i v\u00e0 k\u00edch th\u01b0\u1edbc<\/strong><\/p>\n<p>&#8211; Ch\u1ee7ng lo\u1ea1i: <strong>\u00d814<\/strong> \u0111\u1ebfn <strong>\u00d850<\/strong><\/p>\n<p>&#8211; Chi\u1ec1u d\u00e0i b\u00f3: 6m, 8.6m, 12m;<\/p>\n<p>&#8211; Tr\u1ecdng l\u01b0\u1ee3ng b\u00f3:<\/p>\n<ul>\n<li>~ 1000 kg (6m)<\/li>\n<li>~ 2000 kg (8.6m)<\/li>\n<li>~ 2500 kg (11.7m \u2013 12m)<\/li>\n<\/ul>\n<p><strong>Y\u00eau c\u1ea7u k\u1ef9 thu\u1eadt<\/strong><\/p>\n<table width=\"100%\">\n<tbody>\n<tr>\n<td width=\"33%\"><strong>C\u00e1c lo\u1ea1i s\u1ea3n ph\u1ea9m<\/strong><\/td>\n<td width=\"33%\"><strong>Quy c\u00e1ch<\/strong><\/td>\n<td width=\"34%\"><strong>Ti\u00eau chu\u1ea9n\u00a0\u00e1p d\u1ee5ng\u00a0<\/strong><\/td>\n<\/tr>\n<tr>\n<td>D14 \u0111\u1ebfn D50<\/td>\n<td>Thanh<\/td>\n<td>TCVN 1651-1:2018<\/td>\n<\/tr>\n<\/tbody>\n<\/table>\n<p><strong>\u1ee8ng d\u1ee5ng<\/strong><\/p>\n<p style=\"text-align: justify;\">&#8211; Th\u00e9p thanh v\u1eb1n hay c\u00f2n g\u1ecdi l\u00e0 th\u00e9p c\u1ed1t b\u00ea t\u00f4ng, v\u1edbi \u0111\u1eb7c t\u00ednh ch\u1ecbu l\u1ef1c t\u1ed1t, \u0111\u1ed9 c\u1ee9ng v\u00e0 \u0111\u1ed9 b\u1ec1n cao th\u00e9p thanh v\u1eb1n \u0111\u01b0\u1ee3c \u1ee9ng d\u1ee5ng r\u1ed9ng r\u00e3i trong m\u1ecdi c\u00f4ng tr\u00ecnh x\u00e2y d\u1ef1ng b\u00ea t\u00f4ng, c\u1ed1t th\u00e9p, nh\u00e0 d\u00e2n d\u1ee5ng, nh\u00e0 c\u00f4ng nghi\u1ec7p, cao \u1ed1c v\u0103n ph\u00f2ng, c\u1ea7u \u0111\u01b0\u1eddng, c\u00e1c c\u00f4ng tr\u00ecnh th\u1ee7y \u0111i\u1ec7n\u2026<\/p>\n","protected":false},"excerpt":{"rendered":"<p>Ch\u1ee7ng lo\u1ea1i v\u00e0 k\u00edch th\u01b0\u1edbc &#8211; Ch\u1ee7ng lo\u1ea1i: \u00d814 \u0111\u1ebfn \u00d850 &#8211; Chi\u1ec1u d\u00e0i b\u00f3: 6m, 8.6m, 12m; &#8211; Tr\u1ecdng l\u01b0\u1ee3ng b\u00f3: ~ 1000 kg (6m) ~ 2000 kg (8.6m) ~ 2500 kg (11.7m \u2013 12m) Y\u00eau c\u1ea7u k\u1ef9 thu\u1eadt C\u00e1c lo\u1ea1i s\u1ea3n ph\u1ea9m Quy c\u00e1ch Ti\u00eau chu\u1ea9n\u00a0\u00e1p d\u1ee5ng\u00a0 D14 \u0111\u1ebfn D50 Thanh TCVN 1651-1:2018&#8230;<\/p>\n","protected":false},"featured_media":2596,"template":"","meta":[],"product_brand":[],"product_cat":[105],"product_tag":[],"class_list":{"0":"post-2593","1":"product","2":"type-product","3":"status-publish","4":"has-post-thumbnail","6":"product_cat-san-pham-thep","8":"first","9":"instock","10":"shipping-taxable","11":"purchasable","12":"product-type-simple"},"_links":{"self":[{"href":"https:\/\/cardanol.vn\/en\/wp-json\/wp\/v2\/product\/2593","targetHints":{"allow":["GET"]}}],"collection":[{"href":"https:\/\/cardanol.vn\/en\/wp-json\/wp\/v2\/product"}],"about":[{"href":"https:\/\/cardanol.vn\/en\/wp-json\/wp\/v2\/types\/product"}],"wp:featuredmedia":[{"embeddable":true,"href":"https:\/\/cardanol.vn\/en\/wp-json\/wp\/v2\/media\/2596"}],"wp:attachment":[{"href":"https:\/\/cardanol.vn\/en\/wp-json\/wp\/v2\/media?parent=2593"}],"wp:term":[{"taxonomy":"product_brand","embeddable":true,"href":"https:\/\/cardanol.vn\/en\/wp-json\/wp\/v2\/product_brand?post=2593"},{"taxonomy":"product_cat","embeddable":true,"href":"https:\/\/cardanol.vn\/en\/wp-json\/wp\/v2\/product_cat?post=2593"},{"taxonomy":"product_tag","embeddable":true,"href":"https:\/\/cardanol.vn\/en\/wp-json\/wp\/v2\/product_tag?post=2593"}],"curies":[{"name":"wp","href":"https:\/\/api.w.org\/{rel}","templated":true}]}}