{"id":2601,"date":"2022-03-01T16:16:01","date_gmt":"2022-03-01T09:16:01","guid":{"rendered":"http:\/\/lenmau3369.chiliweb.org\/?post_type=product&#038;p=2601"},"modified":"2022-03-25T14:18:32","modified_gmt":"2022-03-25T07:18:32","slug":"thep-goc-deu-canh","status":"publish","type":"product","link":"https:\/\/cardanol.vn\/en\/san-pham\/thep-goc-deu-canh\/","title":{"rendered":"Th\u00e9p g\u00f3c \u0111\u1ec1u c\u1ea1nh"},"content":{"rendered":"<p><strong>Ch\u1ee7ng lo\u1ea1i v\u00e0 k\u00edch th\u01b0\u1edbc<\/strong><\/p>\n<ul>\n<li>Chi\u1ec1u d\u00e0i b\u00f3: 6m; 12m<\/li>\n<li>Tr\u1ecdng l\u01b0\u1ee3ng b\u00f3: 2000kg(6m) &#8211; 4000kg(12m).<\/li>\n<\/ul>\n<p><strong>Y\u00eau c\u1ea7u k\u1ef9 thu\u1eadt<\/strong><\/p>\n<table width=\"100%\">\n<tbody>\n<tr>\n<td style=\"text-align: left;\"><strong>Ch\u1ee7ng lo\u1ea1i s\u1ea3n ph\u1ea9m<\/strong><\/td>\n<td style=\"text-align: left;\"><strong>Quy c\u00e1ch<\/strong><\/td>\n<td style=\"text-align: left;\"><strong>Ti\u00eau chu\u1ea9n \u00e1p d\u1ee5ng<\/strong><\/td>\n<\/tr>\n<tr>\n<td>Th\u00e9p g\u00f3c V40 \u00f7 V100<\/td>\n<td>Thanh<\/td>\n<td>TCVN 7571-1 : 2019<\/p>\n<p>JIS G 3192:2014<\/p>\n<p>JIS G 3101 :2010<\/td>\n<\/tr>\n<tr>\n<td>Th\u00e9p ch\u1eef C (U) U50 \u00f7 U100<\/td>\n<td>Thanh<\/td>\n<td>TCVN 7571-11 : 2019<\/p>\n<p>JIS G 3192:2014<\/p>\n<p>JIS G 3101:2010<\/td>\n<\/tr>\n<\/tbody>\n<\/table>\n<p><strong>\u1ee8ng d\u1ee5ng<\/strong><\/p>\n<ul>\n<li>D\u00f9ng l\u00e0m k\u1ebft c\u1ea5u.<\/li>\n<\/ul>\n","protected":false},"excerpt":{"rendered":"<p>Ch\u1ee7ng lo\u1ea1i v\u00e0 k\u00edch th\u01b0\u1edbc Chi\u1ec1u d\u00e0i b\u00f3: 6m; 12m Tr\u1ecdng l\u01b0\u1ee3ng b\u00f3: 2000kg(6m) &#8211; 4000kg(12m). Y\u00eau c\u1ea7u k\u1ef9 thu\u1eadt Ch\u1ee7ng lo\u1ea1i s\u1ea3n ph\u1ea9m Quy c\u00e1ch Ti\u00eau chu\u1ea9n \u00e1p d\u1ee5ng Th\u00e9p g\u00f3c V40 \u00f7 V100 Thanh TCVN 7571-1 : 2019 JIS G 3192:2014 JIS G 3101 :2010 Th\u00e9p ch\u1eef C (U) U50 \u00f7 U100 Thanh&#8230;<\/p>\n","protected":false},"featured_media":2605,"template":"","meta":[],"product_brand":[],"product_cat":[105],"product_tag":[],"class_list":{"0":"post-2601","1":"product","2":"type-product","3":"status-publish","4":"has-post-thumbnail","6":"product_cat-san-pham-thep","8":"first","9":"instock","10":"shipping-taxable","11":"purchasable","12":"product-type-simple"},"_links":{"self":[{"href":"https:\/\/cardanol.vn\/en\/wp-json\/wp\/v2\/product\/2601","targetHints":{"allow":["GET"]}}],"collection":[{"href":"https:\/\/cardanol.vn\/en\/wp-json\/wp\/v2\/product"}],"about":[{"href":"https:\/\/cardanol.vn\/en\/wp-json\/wp\/v2\/types\/product"}],"wp:featuredmedia":[{"embeddable":true,"href":"https:\/\/cardanol.vn\/en\/wp-json\/wp\/v2\/media\/2605"}],"wp:attachment":[{"href":"https:\/\/cardanol.vn\/en\/wp-json\/wp\/v2\/media?parent=2601"}],"wp:term":[{"taxonomy":"product_brand","embeddable":true,"href":"https:\/\/cardanol.vn\/en\/wp-json\/wp\/v2\/product_brand?post=2601"},{"taxonomy":"product_cat","embeddable":true,"href":"https:\/\/cardanol.vn\/en\/wp-json\/wp\/v2\/product_cat?post=2601"},{"taxonomy":"product_tag","embeddable":true,"href":"https:\/\/cardanol.vn\/en\/wp-json\/wp\/v2\/product_tag?post=2601"}],"curies":[{"name":"wp","href":"https:\/\/api.w.org\/{rel}","templated":true}]}}