{"id":2607,"date":"2022-03-01T16:24:27","date_gmt":"2022-03-01T09:24:27","guid":{"rendered":"http:\/\/lenmau3369.chiliweb.org\/?post_type=product&#038;p=2607"},"modified":"2022-03-25T14:18:31","modified_gmt":"2022-03-25T07:18:31","slug":"thep-cuon","status":"publish","type":"product","link":"https:\/\/cardanol.vn\/en\/san-pham\/thep-cuon\/","title":{"rendered":"Th\u00e9p cu\u1ed9n"},"content":{"rendered":"<p style=\"text-align: justify;\"><strong>Ch\u1ee7ng lo\u1ea1i v\u00e0 k\u00edch th\u01b0\u1edbc<\/strong><\/p>\n<p style=\"text-align: justify;\">&#8211; Ch\u1ee7ng lo\u1ea1i: \u03a6 5.5 \u2013 \u03a616.0<\/p>\n<p style=\"text-align: justify;\">&#8211; C\u00e1c th\u00f4ng s\u1ed1 k\u00edch th\u01b0\u1edbc:<\/p>\n<ul style=\"text-align: justify;\">\n<li>\u0110\u01b0\u1eddng k\u00ednh ngo\u00e0i cu\u1ed9n: ~ \u03a61200 mm<\/li>\n<li>\u0110\u01b0\u1eddng k\u00ednh trong cu\u1ed9n: ~ \u03a6900 mm<\/li>\n<li>Tr\u1ecdng l\u01b0\u1ee3ng cu\u1ed9n: ~ 2000 kg<\/li>\n<\/ul>\n<p style=\"text-align: justify;\">&#8211; Bu\u1ed9c 4 d\u00e2y \u0111ai \u03a6 7.0<\/p>\n<p style=\"text-align: justify;\"><strong>Y\u00eau c\u1ea7u k\u1ef9 thu\u1eadt<\/strong><\/p>\n<p style=\"text-align: justify;\">&#8211; Tr\u1ecdng l\u01b0\u1ee3ng, dung sai k\u00edch th\u01b0\u1edbc, t\u00ednh ch\u1ea5t c\u01a1 l\u00fd c\u1ee7a t\u1eebng lo\u1ea1i th\u00e9p v\u00e0 ph\u01b0\u01a1ng ph\u00e1p th\u1eed \u0111\u01b0\u1ee3c quy \u0111\u1ecbnh c\u1ee5 th\u1ec3 trong ti\u00eau chu\u1ea9n.<\/p>\n<table width=\"100%\">\n<tbody>\n<tr>\n<td width=\"33%\"><strong>Ch\u1ee7ng lo\u1ea1i s\u1ea3n ph\u1ea9m<\/strong><\/td>\n<td width=\"33%\"><strong>Quy c\u00e1ch \u0111\u00f3ng b\u00f3<\/strong><\/td>\n<td width=\"33%\"><strong>Ti\u00eau chu\u1ea9n<\/strong><\/td>\n<\/tr>\n<tr>\n<td>\u03a65.5, \u03a66.0, \u03a67.0, \u03a68.0, \u03a610, \u03a612, \u03a614, \u03a616<\/td>\n<td><\/td>\n<td>TCVN 1651-1:2018<\/td>\n<\/tr>\n<\/tbody>\n<\/table>\n<p><strong>\u1ee8ng d\u1ee5ng<\/strong><\/p>\n<p>&#8211; D\u00f9ng cho x\u00e2y d\u1ef1ng, k\u00e9o d\u00e2y v\u00e0 ch\u1ebf t\u1ea1o bulong th\u00f4ng d\u1ee5ng.<\/p>\n","protected":false},"excerpt":{"rendered":"<p>Ch\u1ee7ng lo\u1ea1i v\u00e0 k\u00edch th\u01b0\u1edbc &#8211; Ch\u1ee7ng lo\u1ea1i: \u03a6 5.5 \u2013 \u03a616.0 &#8211; C\u00e1c th\u00f4ng s\u1ed1 k\u00edch th\u01b0\u1edbc: \u0110\u01b0\u1eddng k\u00ednh ngo\u00e0i cu\u1ed9n: ~ \u03a61200 mm \u0110\u01b0\u1eddng k\u00ednh trong cu\u1ed9n: ~ \u03a6900 mm Tr\u1ecdng l\u01b0\u1ee3ng cu\u1ed9n: ~ 2000 kg &#8211; Bu\u1ed9c 4 d\u00e2y \u0111ai \u03a6 7.0 Y\u00eau c\u1ea7u k\u1ef9 thu\u1eadt &#8211; Tr\u1ecdng l\u01b0\u1ee3ng, dung sai k\u00edch&#8230;<\/p>\n","protected":false},"featured_media":2608,"template":"","meta":[],"product_brand":[],"product_cat":[105],"product_tag":[],"class_list":{"0":"post-2607","1":"product","2":"type-product","3":"status-publish","4":"has-post-thumbnail","6":"product_cat-san-pham-thep","8":"first","9":"instock","10":"shipping-taxable","11":"purchasable","12":"product-type-simple"},"_links":{"self":[{"href":"https:\/\/cardanol.vn\/en\/wp-json\/wp\/v2\/product\/2607","targetHints":{"allow":["GET"]}}],"collection":[{"href":"https:\/\/cardanol.vn\/en\/wp-json\/wp\/v2\/product"}],"about":[{"href":"https:\/\/cardanol.vn\/en\/wp-json\/wp\/v2\/types\/product"}],"wp:featuredmedia":[{"embeddable":true,"href":"https:\/\/cardanol.vn\/en\/wp-json\/wp\/v2\/media\/2608"}],"wp:attachment":[{"href":"https:\/\/cardanol.vn\/en\/wp-json\/wp\/v2\/media?parent=2607"}],"wp:term":[{"taxonomy":"product_brand","embeddable":true,"href":"https:\/\/cardanol.vn\/en\/wp-json\/wp\/v2\/product_brand?post=2607"},{"taxonomy":"product_cat","embeddable":true,"href":"https:\/\/cardanol.vn\/en\/wp-json\/wp\/v2\/product_cat?post=2607"},{"taxonomy":"product_tag","embeddable":true,"href":"https:\/\/cardanol.vn\/en\/wp-json\/wp\/v2\/product_tag?post=2607"}],"curies":[{"name":"wp","href":"https:\/\/api.w.org\/{rel}","templated":true}]}}