{"id":2613,"date":"2022-03-01T16:29:54","date_gmt":"2022-03-01T09:29:54","guid":{"rendered":"http:\/\/lenmau3369.chiliweb.org\/?post_type=product&#038;p=2613"},"modified":"2022-03-25T14:18:31","modified_gmt":"2022-03-25T07:18:31","slug":"phoi-thep","status":"publish","type":"product","link":"https:\/\/cardanol.vn\/en\/san-pham\/phoi-thep\/","title":{"rendered":"Ph\u00f4i th\u00e9p"},"content":{"rendered":"<p><strong>Ch\u1ee7ng lo\u1ea1i v\u00e0 k\u00edch th\u01b0\u1edbc<\/strong><\/p>\n<p>&#8211; K\u00edch th\u01b0\u1edbc 120&#215;120 mm ; 150&#215;150 mm<\/p>\n<p>&#8211; Chi\u1ec1u d\u00e0i: 12 m \u00b1 50 mm<\/p>\n<p>&#8211; Dung sai:<\/p>\n<ul>\n<li>\u0110\u1ed9 l\u1ec7ch c\u1ea1nh l\u1edbn nh\u1ea5t: \u00b1 2mm<\/li>\n<li>\u0110\u1ed9 l\u1ec7ch \u0111\u01b0\u1eddng ch\u00e9o l\u1edbn nh\u1ea5t: \u00b1 6mm<\/li>\n<\/ul>\n<p>&#8211; Tr\u1ecdng l\u01b0\u1ee3ng: ~ 2,100 kg<\/p>\n<p>&#8211; \u0110\u1ed9 cong: 10 mm\/m, &lt;= 80mm\/12m<\/p>\n<p><strong>Y\u00eau c\u1ea7u k\u1ef9 thu\u1eadt<\/strong><\/p>\n<table width=\"100%\">\n<tbody>\n<tr>\n<td width=\"33%\"><strong>C\u00e1c lo\u1ea1i s\u1ea3n ph\u1ea9m<\/strong><\/td>\n<td width=\"33%\"><strong>Quy c\u00e1ch<\/strong><\/td>\n<td width=\"34%\"><strong>Ti\u00eau chu\u1ea9n \u00e1p d\u1ee5ng<\/strong><\/td>\n<\/tr>\n<tr>\n<td width=\"33%\">150&#215;150 mm<\/p>\n<p>120&#215;120 mm<\/td>\n<td width=\"33%\">c\u00e2y<\/td>\n<td width=\"34%\">TCVN 11384:2016<\/td>\n<\/tr>\n<\/tbody>\n<\/table>\n<p><strong>\u1ee8ng d\u1ee5ng<\/strong><\/p>\n<p>&#8211; D\u00f9ng \u0111\u1ec3 s\u1ea3n xu\u1ea5t c\u00e1c lo\u1ea1i th\u00e9p c\u00e1n n\u00f3ng th\u00f4ng d\u1ee5ng.<\/p>\n","protected":false},"excerpt":{"rendered":"<p>Ch\u1ee7ng lo\u1ea1i v\u00e0 k\u00edch th\u01b0\u1edbc &#8211; K\u00edch th\u01b0\u1edbc 120&#215;120 mm ; 150&#215;150 mm &#8211; Chi\u1ec1u d\u00e0i: 12 m \u00b1 50 mm &#8211; Dung sai: \u0110\u1ed9 l\u1ec7ch c\u1ea1nh l\u1edbn nh\u1ea5t: \u00b1 2mm \u0110\u1ed9 l\u1ec7ch \u0111\u01b0\u1eddng ch\u00e9o l\u1edbn nh\u1ea5t: \u00b1 6mm &#8211; Tr\u1ecdng l\u01b0\u1ee3ng: ~ 2,100 kg &#8211; \u0110\u1ed9 cong: 10 mm\/m, &lt;= 80mm\/12m Y\u00eau c\u1ea7u k\u1ef9&#8230;<\/p>\n","protected":false},"featured_media":2614,"template":"","meta":[],"product_brand":[],"product_cat":[105],"product_tag":[],"class_list":{"0":"post-2613","1":"product","2":"type-product","3":"status-publish","4":"has-post-thumbnail","6":"product_cat-san-pham-thep","8":"first","9":"instock","10":"shipping-taxable","11":"purchasable","12":"product-type-simple"},"_links":{"self":[{"href":"https:\/\/cardanol.vn\/en\/wp-json\/wp\/v2\/product\/2613","targetHints":{"allow":["GET"]}}],"collection":[{"href":"https:\/\/cardanol.vn\/en\/wp-json\/wp\/v2\/product"}],"about":[{"href":"https:\/\/cardanol.vn\/en\/wp-json\/wp\/v2\/types\/product"}],"wp:featuredmedia":[{"embeddable":true,"href":"https:\/\/cardanol.vn\/en\/wp-json\/wp\/v2\/media\/2614"}],"wp:attachment":[{"href":"https:\/\/cardanol.vn\/en\/wp-json\/wp\/v2\/media?parent=2613"}],"wp:term":[{"taxonomy":"product_brand","embeddable":true,"href":"https:\/\/cardanol.vn\/en\/wp-json\/wp\/v2\/product_brand?post=2613"},{"taxonomy":"product_cat","embeddable":true,"href":"https:\/\/cardanol.vn\/en\/wp-json\/wp\/v2\/product_cat?post=2613"},{"taxonomy":"product_tag","embeddable":true,"href":"https:\/\/cardanol.vn\/en\/wp-json\/wp\/v2\/product_tag?post=2613"}],"curies":[{"name":"wp","href":"https:\/\/api.w.org\/{rel}","templated":true}]}}