{"id":2620,"date":"2022-03-01T16:37:48","date_gmt":"2022-03-01T09:37:48","guid":{"rendered":"http:\/\/lenmau3369.chiliweb.org\/?post_type=product&#038;p=2620"},"modified":"2022-03-25T14:18:31","modified_gmt":"2022-03-25T07:18:31","slug":"dong-thau","status":"publish","type":"product","link":"https:\/\/cardanol.vn\/en\/san-pham\/dong-thau\/","title":{"rendered":"\u0110\u1ed3ng thau"},"content":{"rendered":"<p><strong>Th\u00e0nh ph\u1ea7n v\u1eadt li\u1ec7u<\/strong><\/p>\n<table width=\"100%\">\n<tbody>\n<tr>\n<td width=\"50%\">\u0110\u1ed3ng nguy\u00ean ch\u1ea5t (Cu)<\/td>\n<td width=\"50%\">57.0 ~ 61.0%<\/td>\n<\/tr>\n<tr>\n<td width=\"50%\">Ch\u00ec (Pb)<\/td>\n<td width=\"50%\">1.8 ~ 3.7%<\/td>\n<\/tr>\n<tr>\n<td width=\"50%\">S\u1eaft (Fe)<\/td>\n<td width=\"50%\">max. 0.50%<\/td>\n<\/tr>\n<tr>\n<td width=\"50%\">Thi\u1ebfc (Sn)<\/td>\n<td width=\"50%\">max. 0.50%<\/td>\n<\/tr>\n<tr>\n<td width=\"50%\">K\u1ebdm (Zn)<\/td>\n<td width=\"50%\">34.3 ~ 41.2%<\/td>\n<\/tr>\n<tr>\n<td width=\"50%\">Yield strength(MPa.min)<\/td>\n<td width=\"50%\">110 ~ 480<\/td>\n<\/tr>\n<tr>\n<td width=\"50%\">Tensile strength(MPa.min)<\/td>\n<td width=\"50%\">330 ~ 590<\/td>\n<\/tr>\n<tr>\n<td width=\"50%\">Elongation(%, min)<\/td>\n<td width=\"50%\">3 ~ 28<\/td>\n<\/tr>\n<tr>\n<td width=\"50%\">Hardness(HV, min)<\/td>\n<td width=\"50%\">80 ~ 180<\/td>\n<\/tr>\n<\/tbody>\n<\/table>\n<p style=\"text-align: justify;\"><strong>\u1ee8ng d\u1ee5ng<\/strong><\/p>\n<p style=\"text-align: justify;\">\u0110\u1ed3ng thau C3604 l\u00e0 h\u1ee3p kim c\u1ee7a \u0111\u1ed3ng nguy\u00ean ch\u1ea5t v\u1edbi K\u1ebdm theo t\u1ec9 l\u1ec7 trung b\u00ecnh l\u00e0 60% &#8211; 40%, do \u0111\u00f3 \u0111\u1ed3ng thau c\u00f3 m\u00e0u v\u00e0ng s\u00e1ng nh\u1ea1t b\u1edfi th\u00e0nh ph\u1ea7n k\u1ebdm chi\u1ebfm t\u1ec9 l\u1ec7 cao c\u00f9ng v\u1edbi c\u00e1c th\u00e0nh ph\u1ea7n ph\u1ee5 kh\u00e1c. Tuy nhi\u00ean, \u0111\u1eb7c t\u00ednh c\u1ee7a \u0111\u1ed3ng thau c\u00f3 c\u01a1 t\u00ednh r\u1ea5t t\u1ed1t, kh\u1ea3 n\u0103ng ch\u1ed1ng \u0103n m\u00f2n v\u00e0 c\u00f3 \u0111\u1ed9 c\u1ee9ng cao, n\u00ean ch\u00fang th\u01b0\u1eddng \u0111\u01b0\u1ee3c s\u1eed d\u1ee5ng \u0111\u1ec3 gia c\u00f4ng chi ti\u1ebft m\u00e1y \u0111\u1ed9ng v\u00e0 t\u0129nh. C\u1ee5 th\u1ec3:<\/p>\n<ul style=\"text-align: justify;\">\n<li>B\u1ea1c l\u00f3t tr\u1ee5c<\/li>\n<li>Tr\u1ee5c d\u1eabn \u0111\u1ed9ng<\/li>\n<li>B\u00e1nh r\u0103ng truy\u1ec1n \u0111\u1ed9ng<\/li>\n<li>Ch\u1ed1t&#8230;<\/li>\n<\/ul>\n<p style=\"text-align: justify;\">\u0110\u1ed3ng thau C3604, \u0111\u01b0\u1ee3c s\u1ea3n xu\u1ea5t th\u00e0nh nhi\u1ec1u ch\u1ee7ng lo\u1ea1i, k\u00edch th\u01b0\u1edbc kh\u00e1c nhau \u0111\u1ec3 ph\u00f9 h\u1ee3p theo y\u00eau c\u1ea7u c\u1ee7a kh\u00e1ch h\u00e0ng nh\u01b0:<\/p>\n<ul>\n<li style=\"text-align: justify;\">Thanh tr\u00f2n<\/li>\n<li style=\"text-align: justify;\">Thanh l\u1ee5c gi\u00e1c<\/li>\n<li style=\"text-align: justify;\">\u1ed0ng<\/li>\n<li style=\"text-align: justify;\">D\u1ea1ng t\u1ea5m<\/li>\n<\/ul>\n","protected":false},"excerpt":{"rendered":"<p>Th\u00e0nh ph\u1ea7n v\u1eadt li\u1ec7u \u0110\u1ed3ng nguy\u00ean ch\u1ea5t (Cu) 57.0 ~ 61.0% Ch\u00ec (Pb) 1.8 ~ 3.7% S\u1eaft (Fe) max. 0.50% Thi\u1ebfc (Sn) max. 0.50% K\u1ebdm (Zn) 34.3 ~ 41.2% Yield strength(MPa.min) 110 ~ 480 Tensile strength(MPa.min) 330 ~ 590 Elongation(%, min) 3 ~ 28 Hardness(HV, min) 80 ~ 180 \u1ee8ng d\u1ee5ng \u0110\u1ed3ng thau C3604 l\u00e0&#8230;<\/p>\n","protected":false},"featured_media":2622,"template":"","meta":[],"product_brand":[],"product_cat":[196],"product_tag":[],"class_list":{"0":"post-2620","1":"product","2":"type-product","3":"status-publish","4":"has-post-thumbnail","6":"product_cat-san-pham-dong","8":"first","9":"instock","10":"shipping-taxable","11":"purchasable","12":"product-type-simple"},"_links":{"self":[{"href":"https:\/\/cardanol.vn\/en\/wp-json\/wp\/v2\/product\/2620","targetHints":{"allow":["GET"]}}],"collection":[{"href":"https:\/\/cardanol.vn\/en\/wp-json\/wp\/v2\/product"}],"about":[{"href":"https:\/\/cardanol.vn\/en\/wp-json\/wp\/v2\/types\/product"}],"wp:featuredmedia":[{"embeddable":true,"href":"https:\/\/cardanol.vn\/en\/wp-json\/wp\/v2\/media\/2622"}],"wp:attachment":[{"href":"https:\/\/cardanol.vn\/en\/wp-json\/wp\/v2\/media?parent=2620"}],"wp:term":[{"taxonomy":"product_brand","embeddable":true,"href":"https:\/\/cardanol.vn\/en\/wp-json\/wp\/v2\/product_brand?post=2620"},{"taxonomy":"product_cat","embeddable":true,"href":"https:\/\/cardanol.vn\/en\/wp-json\/wp\/v2\/product_cat?post=2620"},{"taxonomy":"product_tag","embeddable":true,"href":"https:\/\/cardanol.vn\/en\/wp-json\/wp\/v2\/product_tag?post=2620"}],"curies":[{"name":"wp","href":"https:\/\/api.w.org\/{rel}","templated":true}]}}