{"id":2623,"date":"2022-03-01T16:41:23","date_gmt":"2022-03-01T09:41:23","guid":{"rendered":"http:\/\/lenmau3369.chiliweb.org\/?post_type=product&#038;p=2623"},"modified":"2022-03-25T14:18:30","modified_gmt":"2022-03-25T07:18:30","slug":"dong-do","status":"publish","type":"product","link":"https:\/\/cardanol.vn\/en\/san-pham\/dong-do\/","title":{"rendered":"\u0110\u1ed3ng \u0111\u1ecf"},"content":{"rendered":"<p><strong>Th\u00e0nh ph\u1ea7n v\u1eadt li\u1ec7u<\/strong><\/p>\n<table width=\"100%\">\n<tbody>\n<tr>\n<td width=\"50%\">\u0110\u1ed3ng nguy\u00ean ch\u1ea5t (Cu)<\/td>\n<td width=\"50%\">Min. 99.90%<\/td>\n<\/tr>\n<tr>\n<td width=\"50%\">T\u1ec9 trong<\/td>\n<td width=\"50%\">8.94<\/td>\n<\/tr>\n<tr>\n<td class=\"col-xs-61\">H\u1ec7 s\u1ed1 gi\u00e3n n\u1edf nhi\u1ec7t \u00d7106\/K (20\uff5e300\u2103)<\/td>\n<td class=\"col-xs-6\">17.7<\/td>\n<\/tr>\n<tr>\n<td class=\"col-xs-61\">\u0110\u1ed9 d\u1eabn nhi\u1ec7t W\/(m\u30fbK) (20\u2103)<\/td>\n<td class=\"col-xs-6\">391<\/td>\n<\/tr>\n<tr>\n<td class=\"col-xs-61\">\u0110i\u1ec7n tr\u1edf su\u1ea5t \u00b5\u03a9m<\/td>\n<td class=\"col-xs-6\">0.0171<\/td>\n<\/tr>\n<tr>\n<td class=\"col-xs-61\">\u0110\u1ed9 d\u1eabn \u0111i\u1ec7n (%IACS)<\/td>\n<td class=\"col-xs-6\">101<\/td>\n<\/tr>\n<tr>\n<td class=\"col-xs-61\">Modul \u0111\u00e0n h\u1ed7i (kN\/mm2)<\/td>\n<td class=\"col-xs-6\">118<\/td>\n<\/tr>\n<tr>\n<td class=\"col-xs-61\">\u0110\u1ed9 b\u1ec1n k\u00e9o [N\/mm2]<\/td>\n<td class=\"col-xs-6\">195 ~ Min. 345<\/td>\n<\/tr>\n<tr>\n<td class=\"col-xs-61\">\u0110\u1ed9 gi\u00e3n d\u00e0i<\/td>\n<td class=\"col-xs-6\">35 ~ 15<\/td>\n<\/tr>\n<tr>\n<td class=\"col-xs-61\">\u0110\u1ed9 c\u1ee9ng<\/td>\n<td class=\"col-xs-6\">60 ~ Min. 100 HV<\/td>\n<\/tr>\n<\/tbody>\n<\/table>\n<p style=\"text-align: justify;\"><strong>\u1ee8ng d\u1ee5ng<\/strong><\/p>\n<p style=\"text-align: justify;\">\u0110\u1ed3ng \u0111\u1ecf nguy\u00ean ch\u1ea5t C1100 \u0111\u00e3 \u0111\u01b0\u1ee3c s\u1eed d\u1ee5ng r\u1ed9ng r\u00e3i cho c\u00e1c b\u1ed9 ph\u1eadn d\u1eabn \u0111i\u1ec7n do t\u00ednh d\u1eabn \u0111i\u1ec7n v\u00e0 d\u1eabn nhi\u1ec7t cao nh\u1ea5t trong c\u00e1c v\u1eadt li\u1ec7u c\u00f4ng nghi\u1ec7p, v\u00e0 c\u0169ng \u0111\u01b0\u1ee3c s\u1eed d\u1ee5ng ch\u1ee7 y\u1ebfu trong c\u00e1c b\u1ed9 ph\u1eadn \u1ed1ng d\u1eabn n\u01b0\u1edbc v\u00e0 v\u00f2i n\u01b0\u1edbc v\u1edbi kh\u1ea3 n\u0103ng ch\u1ed1ng \u0103n m\u00f2n tuy\u1ec7t v\u1eddi. Khi \u0111\u01b0\u1ee3c s\u1eed d\u1ee5ng li\u00ean t\u1ee5c, m\u00e0u s\u1eafc d\u1ea7n d\u1ea7n thay \u0111\u1ed5i th\u00e0nh m\u1ed9t m\u00e0u \u0111\u1eb9p g\u1ecdi l\u00e0 m\u00e0u xanh l\u00e1 c\u00e2y patina. T\u1ea5t nhi\u00ean, l\u1edbp g\u1ec9 l\u00e0 v\u00f4 h\u1ea1i \u0111\u1ed1i v\u1edbi c\u01a1 th\u1ec3 con ng\u01b0\u1eddi.<\/p>\n<p style=\"text-align: justify;\">T\u1ea5t c\u1ea3 c\u00e1c s\u1ea3n ph\u1ea9m \u0110\u1ed3ng \u0111\u1ecf C1100 \u0111\u01b0\u1ee3c cung c\u1ea5p theo c\u00e1c h\u00ecnh d\u1ea1ng t\u01b0\u01a1ng \u1ee9ng ho\u1eb7c y\u00eau c\u1ea7u c\u1ee7a ch\u1ee7 \u0111\u1ea7u t\u01b0 nh\u01b0 ph\u00f4i \u0111\u1ed3ng d\u1ea1ng t\u1ea5m, thanh, \u1ed1ng v\u1edbi c\u00e1c k\u00edch th\u01b0\u1edbc ti\u00eau chu\u1ea9n ho\u1eb7c ngo\u00e0i ti\u00eau chu\u1ea9n. H\u1ea7u h\u1ebft, ph\u00f4i \u0111\u1ed3ng nguy\u00ean ch\u1ea5t l\u01b0\u1ee3ng cao c\u1ee7a ch\u00fang t\u00f4i \u0111\u01b0\u1ee3c cung c\u1ea5p b\u1edfi m\u1ed9t trong nh\u1eefng t\u1eadp \u0111o\u00e0n n\u1ed5i ti\u1ebfng \u1edf Nh\u1eadt B\u1ea3n.<\/p>\n<p style=\"text-align: justify;\">\u0110\u1ed3ng \u0111\u1ecf nguy\u00ean ch\u1ea5t hay c\u00f2n g\u1ecdi &#8220;Oxygen-free-copper&#8221; c\u00f3 t\u00ednh d\u1eabn \u0111i\u1ec7n v\u00e0 d\u1eabn nhi\u1ec7t tuy\u1ec7t v\u1eddi, c\u00f3 kh\u1ea3 n\u0103ng h\u00e0n t\u1ed1t, ch\u1ed1ng \u0103n m\u00f2n v\u00e0 ch\u1ed1ng ch\u1ecdi v\u1edbi th\u1eddi ti\u1ebft n\u00f3ng \u1ea9m c\u1ef1c t\u1ed1t, v\u00e0 kh\u00f4ng g\u00e2y ra bi\u1ebfn d\u1ea1ng hydro ngay c\u1ea3 khi n\u00f3 \u0111\u01b0\u1ee3c \u0111un n\u00f3ng \u0111\u1ebfn nhi\u1ec7t \u0111\u1ed9 cao trong m\u1ed9t b\u1ea7u kh\u00f4ng kh\u00ed \u00e1p su\u1ea5t gi\u1ea3m. V\u00ec v\u1eady, \u0110\u1ed3ng \u0111\u1ecf nguy\u00ean ch\u1ea5t Oxygen-free-copper \u0111\u01b0\u1ee3c \u1ee9ng d\u1ee5ng r\u1ed9ng d\u00e3i \u0111\u1ec3 gia c\u00f4ng, s\u1eed d\u1ee5ng l\u00e0m thi\u1ebft b\u1ecb \u0111i\u1ec7n nh\u01b0:<\/p>\n<ul>\n<li style=\"text-align: justify;\">Thanh c\u00e1i<\/li>\n<li style=\"text-align: justify;\">Gi\u00e1 \u0111\u1ee1 thi\u1ebft b\u1ecb \u0111i\u1ec7n<\/li>\n<li style=\"text-align: justify;\">M\u00e1y gia nhi\u1ec7t<\/li>\n<li style=\"text-align: justify;\">Thanh \u0111i\u1ec7n c\u1ef1c cho pin v\u00e0 b\u00ecnh \u1eafc qui<\/li>\n<li style=\"text-align: justify;\">Cu\u1ed9n d\u00e2y m\u00e1y bi\u1ebfn \u00e1p<\/li>\n<li style=\"text-align: justify;\">V\u00f2ng \u0111\u1ec7m gasket<\/li>\n<\/ul>\n","protected":false},"excerpt":{"rendered":"<p>Th\u00e0nh ph\u1ea7n v\u1eadt li\u1ec7u \u0110\u1ed3ng nguy\u00ean ch\u1ea5t (Cu) Min. 99.90% T\u1ec9 trong 8.94 H\u1ec7 s\u1ed1 gi\u00e3n n\u1edf nhi\u1ec7t \u00d7106\/K (20\uff5e300\u2103) 17.7 \u0110\u1ed9 d\u1eabn nhi\u1ec7t W\/(m\u30fbK) (20\u2103) 391 \u0110i\u1ec7n tr\u1edf su\u1ea5t \u00b5\u03a9m 0.0171 \u0110\u1ed9 d\u1eabn \u0111i\u1ec7n (%IACS) 101 Modul \u0111\u00e0n h\u1ed7i (kN\/mm2) 118 \u0110\u1ed9 b\u1ec1n k\u00e9o [N\/mm2] 195 ~ Min. 345 \u0110\u1ed9 gi\u00e3n d\u00e0i 35 ~&#8230;<\/p>\n","protected":false},"featured_media":2624,"template":"","meta":[],"product_brand":[],"product_cat":[196],"product_tag":[],"class_list":{"0":"post-2623","1":"product","2":"type-product","3":"status-publish","4":"has-post-thumbnail","6":"product_cat-san-pham-dong","8":"first","9":"instock","10":"shipping-taxable","11":"purchasable","12":"product-type-simple"},"_links":{"self":[{"href":"https:\/\/cardanol.vn\/en\/wp-json\/wp\/v2\/product\/2623","targetHints":{"allow":["GET"]}}],"collection":[{"href":"https:\/\/cardanol.vn\/en\/wp-json\/wp\/v2\/product"}],"about":[{"href":"https:\/\/cardanol.vn\/en\/wp-json\/wp\/v2\/types\/product"}],"wp:featuredmedia":[{"embeddable":true,"href":"https:\/\/cardanol.vn\/en\/wp-json\/wp\/v2\/media\/2624"}],"wp:attachment":[{"href":"https:\/\/cardanol.vn\/en\/wp-json\/wp\/v2\/media?parent=2623"}],"wp:term":[{"taxonomy":"product_brand","embeddable":true,"href":"https:\/\/cardanol.vn\/en\/wp-json\/wp\/v2\/product_brand?post=2623"},{"taxonomy":"product_cat","embeddable":true,"href":"https:\/\/cardanol.vn\/en\/wp-json\/wp\/v2\/product_cat?post=2623"},{"taxonomy":"product_tag","embeddable":true,"href":"https:\/\/cardanol.vn\/en\/wp-json\/wp\/v2\/product_tag?post=2623"}],"curies":[{"name":"wp","href":"https:\/\/api.w.org\/{rel}","templated":true}]}}