{"id":2626,"date":"2022-03-01T16:44:12","date_gmt":"2022-03-01T09:44:12","guid":{"rendered":"http:\/\/lenmau3369.chiliweb.org\/?post_type=product&#038;p=2626"},"modified":"2022-03-25T14:18:30","modified_gmt":"2022-03-25T07:18:30","slug":"dong-hop-kim-chromium","status":"publish","type":"product","link":"https:\/\/cardanol.vn\/en\/san-pham\/dong-hop-kim-chromium\/","title":{"rendered":"\u0110\u1ed3ng h\u1ee3p kim chromium"},"content":{"rendered":"<p><strong>Th\u00e0nh ph\u1ea7n v\u1eadt li\u1ec7u<\/strong><\/p>\n<table width=\"100%\">\n<tbody>\n<tr>\n<td width=\"50%\">\u0110\u1ed3ng nguy\u00ean ch\u1ea5t (Cu)<\/td>\n<td width=\"50%\">98.0 ~ 99.0%<\/td>\n<\/tr>\n<tr>\n<td class=\"col-xs-61\">Chromium (Cr)<\/td>\n<td class=\"col-xs-6\">0.5 ~ 1.5%<\/td>\n<\/tr>\n<tr>\n<td class=\"col-xs-61\">Ziconium (Zr)<\/td>\n<td class=\"col-xs-6\">0.05 ~ 0.25%<\/td>\n<\/tr>\n<tr>\n<td class=\"col-xs-61\">Electrical Conductivity (%IACS)<\/td>\n<td class=\"col-xs-6\">80.0 ~ 85.0%<\/td>\n<\/tr>\n<tr>\n<td class=\"col-xs-61\">S\u1ee9c c\u0103ng ( Tensile strength)<\/td>\n<td class=\"col-xs-6\">50 ~ 70 KSI<\/td>\n<\/tr>\n<tr>\n<td class=\"col-xs-61\">H\u1ec7 s\u1ed1 gi\u00e3n n\u1edf nhi\u1ec7t \u00d7106\/K(20\uff5e300\u2103)<\/td>\n<td class=\"col-xs-6\">16.45<\/td>\n<\/tr>\n<tr>\n<td class=\"col-xs-61\">T\u1ec9 tr\u1ecdng<\/td>\n<td class=\"col-xs-6\">8.89<\/td>\n<\/tr>\n<tr>\n<td class=\"col-xs-61\">Gi\u1edbi h\u1ea1n n\u00f3ng ch\u1ea3y<\/td>\n<td class=\"col-xs-6\">1080 C<\/td>\n<\/tr>\n<tr>\n<td class=\"col-xs-61\">Gi\u1edbi h\u1ea1n k\u1ebft tinh<\/td>\n<td class=\"col-xs-6\">1070 C<\/td>\n<\/tr>\n<tr>\n<td class=\"col-xs-61\">Modul \u0111\u00e0n h\u1ed7i (kN\/mm2)<\/td>\n<td class=\"col-xs-6\">117000<\/td>\n<\/tr>\n<tr>\n<td class=\"col-xs-61\">\u0110\u1ed9 d\u1eabn nhi\u1ec7t<\/td>\n<td class=\"col-xs-6\">187.0 Btu<\/td>\n<\/tr>\n<tr>\n<td class=\"col-xs-61\">\u0110\u1ed9 c\u1ee9ng<\/td>\n<td class=\"col-xs-6\">73 ~ 85 HRB<\/td>\n<\/tr>\n<\/tbody>\n<\/table>\n<p><strong>\u1ee8ng d\u1ee5ng<\/strong><\/p>\n<p>\u0110\u1ed3ng h\u1ee3p kim crom l\u00e0 m\u1ed9t h\u1ee3p kim ch\u1ecbu nhi\u1ec7t, ch\u1ed1ng \u0103n m\u00f2n, k\u1ebft h\u1ee3p t\u00ednh d\u1eabn \u0111i\u1ec7n v\u1edbi \u0111\u1ed9 b\u1ec1n cao. N\u00f3 ch\u1ee7 y\u1ebfu \u0111\u01b0\u1ee3c s\u1eed d\u1ee5ng trong c\u00e1c \u1ee9ng d\u1ee5ng nh\u01b0:<\/p>\n<ul>\n<li>\u0110i\u1ec7n c\u1ef1c h\u00e0n hay goi l\u00e0 \u0110i\u1ec7n c\u1ef1c h\u00e0n \u0111i\u1ec7n tr\u1edf (Seam welding resistance wheels)<\/li>\n<li>B\u00e1nh xe \u0110i\u1ec7n c\u1ef1c h\u00e0n (Seam welding wheels)<\/li>\n<li>B\u00e1nh r\u0103ng c\u00f4ng t\u00e1c (Gear)<\/li>\n<li>\u0110\u1ea7u n\u1ed1i c\u00e1p \u0111i\u1ec7n (\u0110\u1ea7u c\u1ed1t c\u00e1p \u0111i\u1ec7n)<\/li>\n<li>B\u1ed9 ph\u1eadn ng\u1eaft m\u1ea1ch c\u1ee7a CB<\/li>\n<li>Khu\u00f4n m\u1eabu<\/li>\n<li>\u0110i\u1ec7n c\u1ef1c \u0111\u1ea7u h\u00e0n \u0111i\u1ec3m<\/li>\n<li>D\u00e2y d\u1eabn \u0111i\u1ec7n<\/li>\n<li>\u1ed0ng d\u1eabn nhi\u1ec7t c\u1ea7n c\u01b0\u1eddng \u0111\u1ed9 v\u00e0 c\u01a1 t\u00ednh cao.<\/li>\n<\/ul>\n","protected":false},"excerpt":{"rendered":"<p>Th\u00e0nh ph\u1ea7n v\u1eadt li\u1ec7u \u0110\u1ed3ng nguy\u00ean ch\u1ea5t (Cu) 98.0 ~ 99.0% Chromium (Cr) 0.5 ~ 1.5% Ziconium (Zr) 0.05 ~ 0.25% Electrical Conductivity (%IACS) 80.0 ~ 85.0% S\u1ee9c c\u0103ng ( Tensile strength) 50 ~ 70 KSI H\u1ec7 s\u1ed1 gi\u00e3n n\u1edf nhi\u1ec7t \u00d7106\/K(20\uff5e300\u2103) 16.45 T\u1ec9 tr\u1ecdng 8.89 Gi\u1edbi h\u1ea1n n\u00f3ng ch\u1ea3y 1080 C Gi\u1edbi h\u1ea1n k\u1ebft&#8230;<\/p>\n","protected":false},"featured_media":2627,"template":"","meta":[],"product_brand":[],"product_cat":[196],"product_tag":[],"class_list":{"0":"post-2626","1":"product","2":"type-product","3":"status-publish","4":"has-post-thumbnail","6":"product_cat-san-pham-dong","8":"first","9":"instock","10":"shipping-taxable","11":"purchasable","12":"product-type-simple"},"_links":{"self":[{"href":"https:\/\/cardanol.vn\/en\/wp-json\/wp\/v2\/product\/2626","targetHints":{"allow":["GET"]}}],"collection":[{"href":"https:\/\/cardanol.vn\/en\/wp-json\/wp\/v2\/product"}],"about":[{"href":"https:\/\/cardanol.vn\/en\/wp-json\/wp\/v2\/types\/product"}],"wp:featuredmedia":[{"embeddable":true,"href":"https:\/\/cardanol.vn\/en\/wp-json\/wp\/v2\/media\/2627"}],"wp:attachment":[{"href":"https:\/\/cardanol.vn\/en\/wp-json\/wp\/v2\/media?parent=2626"}],"wp:term":[{"taxonomy":"product_brand","embeddable":true,"href":"https:\/\/cardanol.vn\/en\/wp-json\/wp\/v2\/product_brand?post=2626"},{"taxonomy":"product_cat","embeddable":true,"href":"https:\/\/cardanol.vn\/en\/wp-json\/wp\/v2\/product_cat?post=2626"},{"taxonomy":"product_tag","embeddable":true,"href":"https:\/\/cardanol.vn\/en\/wp-json\/wp\/v2\/product_tag?post=2626"}],"curies":[{"name":"wp","href":"https:\/\/api.w.org\/{rel}","templated":true}]}}