{"id":2629,"date":"2022-03-01T16:47:51","date_gmt":"2022-03-01T09:47:51","guid":{"rendered":"http:\/\/lenmau3369.chiliweb.org\/?post_type=product&#038;p=2629"},"modified":"2022-04-07T10:01:17","modified_gmt":"2022-04-07T03:01:17","slug":"dong-hop-kim-thiec","status":"publish","type":"product","link":"https:\/\/cardanol.vn\/en\/san-pham\/dong-hop-kim-thiec\/","title":{"rendered":"\u0110\u1ed3ng h\u1ee3p kim thi\u1ebfc"},"content":{"rendered":"<p><strong>Th\u00e0nh ph\u1ea7n v\u1eadt li\u1ec7u<\/strong><\/p>\n<table width=\"100%\">\n<tbody>\n<tr>\n<td width=\"50%\">Copper (Cu)<\/td>\n<td width=\"50%\">84.0 ~ 86.0%<\/td>\n<\/tr>\n<tr>\n<td class=\"col-xs-61\">Tin (Sn)<\/td>\n<td class=\"col-xs-6\">4.0 ~ 6.0%<\/td>\n<\/tr>\n<tr>\n<td class=\"col-xs-61\">Lead (Pb)<\/td>\n<td class=\"col-xs-6\">4.0 ~ 6.0%<\/td>\n<\/tr>\n<tr>\n<td class=\"col-xs-61\">Zicum (Zn)<\/td>\n<td class=\"col-xs-6\">4.0 ~ 6.0%<\/td>\n<\/tr>\n<tr>\n<td class=\"col-xs-61\">Furrum (Fe)<\/td>\n<td class=\"col-xs-6\">max. 0.30%<\/td>\n<\/tr>\n<tr>\n<td class=\"col-xs-61\">Nickel (Ni)<\/td>\n<td class=\"col-xs-6\">max. 1%<\/td>\n<\/tr>\n<tr>\n<td class=\"col-xs-61\">Stibium (Sb)<\/td>\n<td class=\"col-xs-6\">0.0%<\/td>\n<\/tr>\n<tr>\n<td class=\"col-xs-61\">Phosphor (P)<\/td>\n<td class=\"col-xs-6\">max. 0.050%<\/td>\n<\/tr>\n<tr>\n<td class=\"col-xs-61\">Sulfur (S)<\/td>\n<td class=\"col-xs-6\">max. 0.08%<\/td>\n<\/tr>\n<tr>\n<td class=\"col-xs-61\">Alluminium (Al)<\/td>\n<td class=\"col-xs-6\">max. 0.005%<\/td>\n<\/tr>\n<tr>\n<td class=\"col-xs-61\">Silic (Si)<\/td>\n<td class=\"col-xs-6\">max. 0.005%<\/td>\n<\/tr>\n<tr>\n<td class=\"col-xs-61\">Tensile Strength(Mpa, min.)<\/td>\n<td class=\"col-xs-6\">245<\/td>\n<\/tr>\n<tr>\n<td class=\"col-xs-61\">0.5% Yield Strength(MPa, min.)<\/td>\n<td class=\"col-xs-6\">140<\/td>\n<\/tr>\n<tr>\n<td class=\"col-xs-61\">Elongation(min. %)<\/td>\n<td class=\"col-xs-6\">10<\/td>\n<\/tr>\n<tr>\n<td class=\"col-xs-61\">Hardness<\/td>\n<td class=\"col-xs-6\">65 HRB<\/td>\n<\/tr>\n<\/tbody>\n<\/table>\n<p style=\"text-align: justify;\"><strong>\u1ee8ng d\u1ee5ng<\/strong><\/p>\n<p style=\"text-align: justify;\">\u0110\u1ed3ng h\u1ee3p kim thi\u1ebfc\/Tin bronze g\u1ed3m nh\u1eefng th\u00e0nh ph\u1ea7n ch\u00ednh l\u00e0 \u0110\u1ed3ng v\u00e0 Thi\u1ebfc, s\u1ef1 hi\u1ec7n di\u1ec7n c\u1ee7a nguy\u00ean t\u1ed1 kim lo\u1ea1i Thi\u1ebfc t\u1ea1o n\u00ean t\u00ednh ch\u1ea5t c\u01a1 h\u1ecdc cao v\u00e0 s\u1ef1 b\u1ed5 sung nay \u0111\u00e3 l\u00e0m t\u0103ng chi ph\u00ed v\u1eadt li\u1ec7u. B\u1edfi nh\u1eefng l\u00fd do n\u00e0y, nh\u00e0 s\u1ea3n xu\u1ea5t t\u00ednh to\u00e1n m\u1ed9t c\u00e1ch khoa h\u1ecdc t\u1ec9 l\u1ec7 ph\u1ea7n tr\u0103m (%) Thi\u1ebfc (Tin) \u00e1p d\u1ee5ng trong m\u00f4i tr\u01b0\u1eddng l\u00e0m vi\u1ec7c n\u00e0o h\u1ee3p l\u00fd nh\u1ea5t, khi n\u00e0o c\u1ea7n \u0110\u1ed3ng h\u1ee3p kim thi\u1ebfc cao (High tin bronze) v\u00e0 khi n\u00e0o t\u1ec9 l\u1ec7 th\u1ea5p? \u0110\u1ed3ng h\u1ee3p kim thi\u1ebfc BC6 (ti\u00eau chu\u1ea9n JIS Nh\u1eadt b\u1ea3n) ho\u1eb7c ASTM C83600.<\/p>\n<p style=\"text-align: justify;\">\u0110\u1ed3ng h\u1ee3p kim Thi\u1ebfc BC6\/C83600 th\u01b0\u1eddng \u0111\u01b0\u1ee3c \u00e1p d\u1ee5ng l\u00e0m B\u1ea1c l\u00f3t cho c\u00e1c lo\u1ea1i m\u00e1y v\u1eadn h\u00e0nh trong m\u00f4i tr\u01b0\u1ee3ng ch\u1ecbu t\u1ea3i tr\u1ecdng l\u1edbn v\u1edbi t\u1ed1c \u0111\u1ed9 th\u1ea5p trong ng\u00e0nh c\u00f4ng nghi\u1ec7p nh\u01b0:<\/p>\n<ul style=\"text-align: justify;\">\n<li>M\u00e1y c\u00e1n th\u00e9p<\/li>\n<li>B\u00e1nh r\u0103ng\/B\u00e1nh nh\u00f4ng h\u1ed9p s\u1ed1 ch\u1ecbu t\u1ea3i l\u1edbn<\/li>\n<li>Thanh d\u1eabn h\u01b0\u1edbng van<\/li>\n<li>Piston th\u1ee7y l\u1ef1c v\u00e0 ch\u1ed1t piston<\/li>\n<li>&#8230;.<\/li>\n<\/ul>\n<p style=\"text-align: justify;\">\u0110\u1ed3ng h\u1ee3p kim thi\u1ebfc\/Tin bronze BC6 c\u00f3 kh\u1ea3 n\u0103ng ch\u1ed1ng \u0103n m\u00f2n r\u1ea5t t\u1ed1t n\u00ean ch\u00fang c\u0169ng \u0111\u01b0\u1ee3c \u1ee9ng d\u1ee5ng kh\u00e1 ph\u1ed5 bi\u1ebfn \u0111\u1ec3 gia c\u00f4ng v\u00e0 ch\u1ebf t\u1ea1o nh\u1eefng \u1ed5 bi v\u00e0 b\u1ea1c \u0111\u1ea1n, l\u00e0m vi\u1ec7c t\u1ea1i nh\u01b0ng n\u01a1i c\u00f3 nhi\u1ec7t \u0111\u1ed9 t\u1eadp trung sinh ra cao. Tuy nhi\u00ean, n\u00f3 \u0111\u00f2i h\u1ecfi tr\u1ee5c v\u1eadn h\u00e0nh ph\u1ea3 c\u00f3 \u0111\u1ed9 c\u1ee9ng cao h\u01a1n \u0110\u1ed3ng h\u1ee3p kim thi\u1ebfc v\u00e0 \u0111\u01b0\u1ee3c b\u00f4i tron m\u1ed9t c\u00e1ch t\u00edch c\u1ef1c, th\u01b0\u1eddng xuy\u00ean. \u0110\u1eb7c bi\u1ec7t, s\u1ef1 c\u0103n ch\u1ec9nh khi l\u1eafp \u0111\u1eb7t c\u1ea7n ph\u1ea3i chu\u1ea9n x\u00e1c.<\/p>\n","protected":false},"excerpt":{"rendered":"<p>\u0110\u1ed3ng h\u1ee3p kim thi\u1ebfc\/Tin bronze BC6 c\u00f3 kh\u1ea3 n\u0103ng ch\u1ed1ng \u0103n m\u00f2n r\u1ea5t t\u1ed1t n\u00ean ch\u00fang c\u0169ng \u0111\u01b0\u1ee3c \u1ee9ng d\u1ee5ng kh\u00e1 ph\u1ed5 bi\u1ebfn \u0111\u1ec3 gia c\u00f4ng v\u00e0 ch\u1ebf t\u1ea1o nh\u1eefng \u1ed5 bi v\u00e0 b\u1ea1c \u0111\u1ea1n, l\u00e0m vi\u1ec7c t\u1ea1i nh\u01b0ng n\u01a1i c\u00f3 nhi\u1ec7t \u0111\u1ed9 t\u1eadp trung sinh ra cao. Tuy nhi\u00ean, n\u00f3 \u0111\u00f2i h\u1ecfi tr\u1ee5c v\u1eadn h\u00e0nh ph\u1ea3 c\u00f3 \u0111\u1ed9 c\u1ee9ng cao h\u01a1n \u0110\u1ed3ng h\u1ee3p kim thi\u1ebfc v\u00e0 \u0111\u01b0\u1ee3c b\u00f4i tron m\u1ed9t c\u00e1ch t\u00edch c\u1ef1c, th\u01b0\u1eddng xuy\u00ean. \u0110\u1eb7c bi\u1ec7t, s\u1ef1 c\u0103n ch\u1ec9nh khi l\u1eafp \u0111\u1eb7t c\u1ea7n ph\u1ea3i chu\u1ea9n x\u00e1c.<\/p>\n","protected":false},"featured_media":2630,"template":"","meta":[],"product_brand":[],"product_cat":[196],"product_tag":[],"class_list":{"0":"post-2629","1":"product","2":"type-product","3":"status-publish","4":"has-post-thumbnail","6":"product_cat-san-pham-dong","8":"first","9":"instock","10":"shipping-taxable","11":"purchasable","12":"product-type-simple"},"_links":{"self":[{"href":"https:\/\/cardanol.vn\/en\/wp-json\/wp\/v2\/product\/2629","targetHints":{"allow":["GET"]}}],"collection":[{"href":"https:\/\/cardanol.vn\/en\/wp-json\/wp\/v2\/product"}],"about":[{"href":"https:\/\/cardanol.vn\/en\/wp-json\/wp\/v2\/types\/product"}],"wp:featuredmedia":[{"embeddable":true,"href":"https:\/\/cardanol.vn\/en\/wp-json\/wp\/v2\/media\/2630"}],"wp:attachment":[{"href":"https:\/\/cardanol.vn\/en\/wp-json\/wp\/v2\/media?parent=2629"}],"wp:term":[{"taxonomy":"product_brand","embeddable":true,"href":"https:\/\/cardanol.vn\/en\/wp-json\/wp\/v2\/product_brand?post=2629"},{"taxonomy":"product_cat","embeddable":true,"href":"https:\/\/cardanol.vn\/en\/wp-json\/wp\/v2\/product_cat?post=2629"},{"taxonomy":"product_tag","embeddable":true,"href":"https:\/\/cardanol.vn\/en\/wp-json\/wp\/v2\/product_tag?post=2629"}],"curies":[{"name":"wp","href":"https:\/\/api.w.org\/{rel}","templated":true}]}}