{"id":2632,"date":"2022-03-01T16:51:58","date_gmt":"2022-03-01T09:51:58","guid":{"rendered":"http:\/\/lenmau3369.chiliweb.org\/?post_type=product&#038;p=2632"},"modified":"2026-03-25T17:11:18","modified_gmt":"2026-03-25T10:11:18","slug":"dong-hop-kim-nhom","status":"publish","type":"product","link":"https:\/\/cardanol.vn\/en\/san-pham\/dong-hop-kim-nhom\/","title":{"rendered":"T\u1ea8Y D\u1ea6U AXIT"},"content":{"rendered":"<p><strong>Th\u00e0nh ph\u1ea7n v\u1eadt li\u1ec7u<\/strong><\/p>\n<table width=\"100%\">\n<tbody>\n<tr>\n<td width=\"50%\">Copper (Cu)<\/td>\n<td width=\"50%\">83% min<\/td>\n<\/tr>\n<tr>\n<td class=\"col-xs-61\">Alluminium (Al)<\/td>\n<td class=\"col-xs-6\">10.5~11.5%<\/td>\n<\/tr>\n<tr>\n<td class=\"col-xs-61\">Furrum (Fe)<\/td>\n<td class=\"col-xs-6\">3.0~5.0%<\/td>\n<\/tr>\n<tr>\n<td class=\"col-xs-61\">Nickel (Ni)<\/td>\n<td class=\"col-xs-6\">1.5% max (+Co)<\/td>\n<\/tr>\n<tr>\n<td class=\"col-xs-61\">Manganum (Mn)<\/td>\n<td class=\"col-xs-6\">0.50% max<\/td>\n<\/tr>\n<tr>\n<td class=\"col-xs-61\">0.2% Proof Stress(N\/\u339f)<\/td>\n<td class=\"col-xs-6\">205 min<\/td>\n<\/tr>\n<tr>\n<td class=\"col-xs-61\">Tensile Strength(Mpa, min.)<\/td>\n<td class=\"col-xs-6\">515 min<\/td>\n<\/tr>\n<tr>\n<td class=\"col-xs-61\">Elongation(min. %)<\/td>\n<td class=\"col-xs-6\">13 min<\/td>\n<\/tr>\n<tr>\n<td class=\"col-xs-61\">Hardness<\/td>\n<td class=\"col-xs-6\">min. 140 HBW<\/td>\n<\/tr>\n<\/tbody>\n<\/table>\n<p><strong>\u1ee8ng d\u1ee5ng<\/strong><\/p>\n<p>\u0110\u1ed3ng h\u1ee3p kim nh\u00f4m C95400 (Aluminium Bronze C95400) r\u1ea5t n\u1ed5i ti\u1ebfng v\u1edbi c\u00e1c \u1ee9ng d\u1ee5ng li\u00ean quan \u0111\u1ebfn ma s\u00e1t trong khi nh\u00f3m H\u1ee3p kim \u0111\u1ed3ng nh\u00f4m ho\u1eb7c \u0111\u1ed3ng nh\u00f4m niken. Ch\u00fang cung c\u1ea5p c\u00e1c \u0111\u1eb7c t\u00ednh \u0103n m\u00f2n m\u1ed9t c\u00e1ch \u0111\u1ed9c \u0111\u00e1o, \u1ea5n t\u01b0\u1ee3ng theo y\u00eau c\u1ea7u l\u00e0m vi\u1ec7c c\u1ee7a m\u00e1y b\u01a1m, ch\u00e2n v\u1ecbt t\u00e0u bi\u1ec3n, van, b\u00e1nh nh\u00f4ng v\u00e0 \u0111\u1eb7c bi\u1ec7t l\u00e0 trong c\u00e1c \u1ee9ng d\u1ee5ng ch\u1ed1ng \u0103n m\u00f2n n\u01b0\u1edbc bi\u1ec3n. \u0110\u1eb7c t\u00ednh \u0111\u00f3 l\u00e0m cho \u0110\u1ed3ng h\u1ee3p kim Nh\u00f4m C95400 tr\u1edf th\u00e0nh gi\u1ea3i ph\u00e1p \u01b0a th\u00edch cho t\u1ea5t c\u1ea3 c\u00e1c \u1ee9ng d\u1ee5ng li\u00ean quan \u0111\u1ebfn h\u00e0ng h\u1ea3i m\u00e0 c\u00e1c nh\u00e0 ch\u1ebf t\u1ea1o \u01b0a th\u00edch.<\/p>\n<p>\u0110\u1ed3ng h\u1ee3p kim Nh\u00f4m C95400 (Aluminium Bronze C95400) l\u00e0 m\u1ed9t h\u1ecd h\u1ee3p kim bao g\u1ed3m \u0111\u1ed3ng, nh\u00f4m, niken, s\u1eaft v\u00e0 mangan. M\u1ed7i th\u00e0nh ph\u1ea7n ri\u00eang l\u1ebb c\u00f3 th\u1ec3 \u0111\u01b0\u1ee3c \u0111i\u1ec1u ch\u1ec9nh d\u1ec5 d\u00e0ng \u0111\u1ec3 c\u1ea3i thi\u1ec7n \u0111\u1ed9 b\u1ec1n, kh\u1ea3 n\u0103ng ch\u1ed1ng \u0103n m\u00f2n v\u00e0, ho\u1eb7c kh\u1ea3 n\u0103ng gia c\u00f4ng. Nh\u1eefng s\u1ef1 k\u1ebft h\u1ee3p \u0111\u00f3 cho ph\u00e9p m\u1ed9t t\u1eadp h\u1ee3p c\u00e1c \u0111\u1eb7c t\u00ednh duy nh\u1ea5t, h\u1eefu \u00edch trong nhi\u1ec1u \u1ee9ng d\u1ee5ng m\u00e1y b\u01a1m, t\u00e0u th\u1ee7y, van, b\u00e1nh nh\u00f4ng&#8230; C\u1ee5 th\u1ec3:<\/p>\n<ul>\n<li style=\"text-align: justify;\">C\u01b0\u1eddng \u0111\u1ed9 cao<\/li>\n<li style=\"text-align: justify;\">Kh\u1ea3 n\u0103ng ch\u1ed1ng m\u00e0i m\u00f2n v\u00e0 \u0111\u1ed9 v\u00eanh tuy\u1ec7t v\u1eddi<\/li>\n<li style=\"text-align: justify;\">M\u1eadt \u0111\u1ed9 (nh\u1eb9 h\u01a1n th\u00e9p 5%)<\/li>\n<li style=\"text-align: justify;\">Kh\u00f4ng ph\u00e1t ra tia l\u1eeda<\/li>\n<li style=\"text-align: justify;\">\u0110\u1ed9 t\u1eeb th\u1ea9m th\u1ea5p (&lt;1,03\u00b5 \u1edf c\u00e1c l\u1edbp \u0111\u01b0\u1ee3c ch\u1ecdn)<\/li>\n<li style=\"text-align: justify;\">Ch\u1ed1ng \u0103n m\u00f2n cao<\/li>\n<li style=\"text-align: justify;\">\u0110\u1eb7c t\u00ednh \u0103n m\u00f2n \u1ee9ng su\u1ea5t t\u1ed1t<\/li>\n<li style=\"text-align: justify;\">\u0110\u1eb7c t\u00ednh \u0111\u00f4ng l\u1ea1nh t\u1ed1t<\/li>\n<li style=\"text-align: justify;\">Kh\u1ea3 n\u0103ng ch\u1ed1ng x\u00e2m th\u1ef1c cao<\/li>\n<li style=\"text-align: justify;\">Kh\u1ea3 n\u0103ng ch\u1ed1ng th\u1ea5m sinh h\u1ecdc cao<\/li>\n<\/ul>\n","protected":false},"excerpt":{"rendered":"<p>\u0110\u1ed3ng h\u1ee3p kim nh\u00f4m C95400 (Aluminium Bronze C95400) r\u1ea5t n\u1ed5i ti\u1ebfng v\u1edbi c\u00e1c \u1ee9ng d\u1ee5ng li\u00ean quan \u0111\u1ebfn ma s\u00e1t trong khi nh\u00f3m H\u1ee3p kim \u0111\u1ed3ng nh\u00f4m ho\u1eb7c \u0111\u1ed3ng nh\u00f4m niken. Ch\u00fang cung c\u1ea5p c\u00e1c \u0111\u1eb7c t\u00ednh \u0103n m\u00f2n m\u1ed9t c\u00e1ch \u0111\u1ed9c \u0111\u00e1o, \u1ea5n t\u01b0\u1ee3ng theo y\u00eau c\u1ea7u l\u00e0m vi\u1ec7c c\u1ee7a m\u00e1y b\u01a1m, ch\u00e2n v\u1ecbt t\u00e0u bi\u1ec3n, van, b\u00e1nh nh\u00f4ng v\u00e0 \u0111\u1eb7c bi\u1ec7t l\u00e0 trong c\u00e1c \u1ee9ng d\u1ee5ng ch\u1ed1ng \u0103n m\u00f2n n\u01b0\u1edbc bi\u1ec3n. \u0110\u1eb7c t\u00ednh \u0111\u00f3 l\u00e0m cho \u0110\u1ed3ng h\u1ee3p kim Nh\u00f4m C95400 tr\u1edf th\u00e0nh gi\u1ea3i ph\u00e1p \u01b0a th\u00edch cho t\u1ea5t c\u1ea3 c\u00e1c \u1ee9ng d\u1ee5ng li\u00ean quan \u0111\u1ebfn h\u00e0ng h\u1ea3i m\u00e0 c\u00e1c nh\u00e0 ch\u1ebf t\u1ea1o \u01b0a th\u00edch.<\/p>\n","protected":false},"featured_media":2956,"template":"","meta":[],"product_brand":[],"product_cat":[196],"product_tag":[],"class_list":{"0":"post-2632","1":"product","2":"type-product","3":"status-publish","4":"has-post-thumbnail","6":"product_cat-san-pham-dong","8":"first","9":"instock","10":"sale","11":"shipping-taxable","12":"purchasable","13":"product-type-simple"},"_links":{"self":[{"href":"https:\/\/cardanol.vn\/en\/wp-json\/wp\/v2\/product\/2632","targetHints":{"allow":["GET"]}}],"collection":[{"href":"https:\/\/cardanol.vn\/en\/wp-json\/wp\/v2\/product"}],"about":[{"href":"https:\/\/cardanol.vn\/en\/wp-json\/wp\/v2\/types\/product"}],"wp:featuredmedia":[{"embeddable":true,"href":"https:\/\/cardanol.vn\/en\/wp-json\/wp\/v2\/media\/2956"}],"wp:attachment":[{"href":"https:\/\/cardanol.vn\/en\/wp-json\/wp\/v2\/media?parent=2632"}],"wp:term":[{"taxonomy":"product_brand","embeddable":true,"href":"https:\/\/cardanol.vn\/en\/wp-json\/wp\/v2\/product_brand?post=2632"},{"taxonomy":"product_cat","embeddable":true,"href":"https:\/\/cardanol.vn\/en\/wp-json\/wp\/v2\/product_cat?post=2632"},{"taxonomy":"product_tag","embeddable":true,"href":"https:\/\/cardanol.vn\/en\/wp-json\/wp\/v2\/product_tag?post=2632"}],"curies":[{"name":"wp","href":"https:\/\/api.w.org\/{rel}","templated":true}]}}