{"id":3042,"date":"2022-03-01T16:47:51","date_gmt":"2022-03-01T09:47:51","guid":{"rendered":"https:\/\/cardanolvn132.mbws.vn\/san-pham\/dong-hop-kim-thiec\/"},"modified":"2026-04-18T14:54:32","modified_gmt":"2026-04-18T07:54:32","slug":"dau-vo-hat-dieu-tinh-che","status":"publish","type":"product","link":"https:\/\/cardanol.vn\/en\/san-pham\/dau-vo-hat-dieu-tinh-che\/","title":{"rendered":"D\u1ea6U V\u1ece H\u1ea0T \u0110I\u1ec0U TINH CH\u1ebe"},"content":{"rendered":"<p><b>\u0110\u1eb7c t\u00ednh n\u1ed5i b\u1eadt c\u1ee7a d\u1ea7u v\u1ecf h\u1ea1t \u0111i\u1ec1u tinh ch\u1ebf<\/b><\/p>\n<p><span style=\"font-weight: 400;\">D\u1ea7u v\u1ecf h\u1ea1t \u0111i\u1ec1u tinh ch\u1ebf c\u00f3 \u0111\u1ed9 s\u1ea1ch cao h\u01a1n so v\u1edbi d\u1ea7u CNSL th\u00f4, gi\u00fap gi\u1ea3m c\u1eb7n b\u00e1m v\u00e0 h\u1ea1n ch\u1ebf t\u1eafc ngh\u1ebdn trong h\u1ec7 th\u1ed1ng \u0111\u1ed1t. Nh\u1edd \u0111\u1eb7c t\u00ednh ch\u00e1y \u1ed5n \u0111\u1ecbnh, Refined CNSL gi\u00fap duy tr\u00ec hi\u1ec7u su\u1ea5t v\u1eadn h\u00e0nh li\u00ean t\u1ee5c v\u00e0 t\u1ed1i \u01b0u hi\u1ec7u qu\u1ea3 s\u1eed d\u1ee5ng nhi\u00ean li\u1ec7u.<\/span><\/p>\n<p><b>\u1ee8ng d\u1ee5ng c\u1ee7a Refined CNSL trong c\u00f4ng nghi\u1ec7p<\/b><\/p>\n<p><span style=\"font-weight: 400;\">Refined CNSL \u0111\u01b0\u1ee3c s\u1eed d\u1ee5ng ph\u1ed5 bi\u1ebfn trong c\u00e1c h\u1ec7 th\u1ed1ng nh\u01b0 n\u1ed3i h\u01a1i c\u00f4ng nghi\u1ec7p, l\u00f2 \u0111\u1ed1t g\u1ea1ch ceramic, s\u1ea3n xu\u1ea5t silicat v\u00e0 luy\u1ec7n kim. V\u1edbi \u0111\u1eb7c t\u00ednh \u1ed5n \u0111\u1ecbnh v\u00e0 \u00edt t\u1ea1p ch\u1ea5t, d\u1ea7u v\u1ecf h\u1ea1t \u0111i\u1ec1u tinh ch\u1ebf \u0111\u1eb7c bi\u1ec7t ph\u00f9 h\u1ee3p v\u1edbi c\u00e1c doanh nghi\u1ec7p y\u00eau c\u1ea7u v\u1eadn h\u00e0nh li\u00ean t\u1ee5c v\u00e0 hi\u1ec7u su\u1ea5t cao.<\/span><\/p>\n<p><b>Refined CNSL &#8211; Gi\u1ea3i ph\u00e1p thay th\u1ebf d\u1ea7u FO<\/b><\/p>\n<p><span style=\"font-weight: 400;\">D\u1ea7u v\u1ecf h\u1ea1t \u0111i\u1ec1u tinh ch\u1ebf c\u00f3 th\u1ec3 s\u1eed d\u1ee5ng \u0111\u1ed9c l\u1eadp ho\u1eb7c pha tr\u1ed9n v\u1edbi d\u1ea7u FO \u0111\u1ec3 t\u1ed1i \u01b0u chi ph\u00ed v\u00e0 hi\u1ec7u su\u1ea5t. So v\u1edbi d\u1ea7u FO truy\u1ec1n th\u1ed1ng, Refined CNSL c\u00f3 kh\u1ea3 n\u0103ng gi\u1eef nhi\u1ec7t t\u1ed1t v\u00e0 gi\u00fap doanh nghi\u1ec7p linh ho\u1ea1t h\u01a1n trong vi\u1ec7c ki\u1ec3m so\u00e1t chi ph\u00ed nhi\u00ean li\u1ec7u.<\/span><\/p>\n<p><span style=\"font-weight: 400;\">L\u1ee3i \u00edch khi s\u1eed d\u1ee5ng d\u1ea7u v\u1ecf h\u1ea1t \u0111i\u1ec1u tinh ch\u1ebf: Vi\u1ec7c s\u1eed d\u1ee5ng Refined CNSL kh\u00f4ng ch\u1ec9 gi\u00fap n\u00e2ng cao hi\u1ec7u qu\u1ea3 \u0111\u1ed1t m\u00e0 c\u00f2n g\u00f3p ph\u1ea7n gi\u1ea3m chi ph\u00ed b\u1ea3o tr\u00ec thi\u1ebft b\u1ecb nh\u1edd h\u1ea1n ch\u1ebf c\u1eb7n v\u00e0 t\u0103ng \u0111\u1ed9 \u1ed5n \u0111\u1ecbnh. \u0110\u00e2y l\u00e0 l\u1ef1a ch\u1ecdn ph\u00f9 h\u1ee3p cho c\u00e1c doanh nghi\u1ec7p mu\u1ed1n t\u1ed1i \u01b0u v\u1eadn h\u00e0nh v\u00e0 gi\u1ea3m thi\u1ec3u r\u1ee7i ro k\u1ef9 thu\u1eadt trong d\u00e0i h\u1ea1n.<\/span><\/p>\n","protected":false},"excerpt":{"rendered":"<p><b>D\u1ea7u v\u1ecf h\u1ea1t \u0111i\u1ec1u tinh ch\u1ebf<\/b><\/p>\n<p><span style=\"font-weight: 400;\">D\u1ea7u v\u1ecf h\u1ea1t \u0111i\u1ec1u tinh ch\u1ebf (Refined CNSL) l\u00e0 s\u1ea3n ph\u1ea9m \u0111\u01b0\u1ee3c x\u1eed l\u00fd t\u1eeb d\u1ea7u v\u1ecf h\u1ea1t \u0111i\u1ec1u th\u00f4 th\u00f4ng qua quy tr\u00ecnh l\u1ecdc v\u00e0 tinh ch\u1ebf nh\u1eb1m lo\u1ea1i b\u1ecf t\u1ea1p ch\u1ea5t, gi\u1ea3m c\u1eb7n v\u00e0 n\u00e2ng cao \u0111\u1ed9 \u1ed5n \u0111\u1ecbnh khi s\u1eed d\u1ee5ng. \u0110\u00e2y l\u00e0 phi\u00ean b\u1ea3n c\u1ea3i ti\u1ebfn c\u1ee7a d\u1ea7u CNSL, gi\u00fap \u0111\u00e1p \u1ee9ng t\u1ed1t h\u01a1n c\u00e1c y\u00eau c\u1ea7u v\u1eadn h\u00e0nh trong c\u00f4ng nghi\u1ec7p.<\/span><\/p>\n","protected":false},"featured_media":0,"template":"","meta":[],"product_brand":[],"product_cat":[198],"product_tag":[],"class_list":{"0":"post-3042","1":"product","2":"type-product","3":"status-publish","5":"product_cat-san-pham-dong-en","7":"first","8":"instock","9":"shipping-taxable","10":"product-type-simple"},"_links":{"self":[{"href":"https:\/\/cardanol.vn\/en\/wp-json\/wp\/v2\/product\/3042","targetHints":{"allow":["GET"]}}],"collection":[{"href":"https:\/\/cardanol.vn\/en\/wp-json\/wp\/v2\/product"}],"about":[{"href":"https:\/\/cardanol.vn\/en\/wp-json\/wp\/v2\/types\/product"}],"wp:attachment":[{"href":"https:\/\/cardanol.vn\/en\/wp-json\/wp\/v2\/media?parent=3042"}],"wp:term":[{"taxonomy":"product_brand","embeddable":true,"href":"https:\/\/cardanol.vn\/en\/wp-json\/wp\/v2\/product_brand?post=3042"},{"taxonomy":"product_cat","embeddable":true,"href":"https:\/\/cardanol.vn\/en\/wp-json\/wp\/v2\/product_cat?post=3042"},{"taxonomy":"product_tag","embeddable":true,"href":"https:\/\/cardanol.vn\/en\/wp-json\/wp\/v2\/product_tag?post=3042"}],"curies":[{"name":"wp","href":"https:\/\/api.w.org\/{rel}","templated":true}]}}