{"id":3043,"date":"2022-03-01T16:44:12","date_gmt":"2022-03-01T09:44:12","guid":{"rendered":"https:\/\/cardanolvn132.mbws.vn\/san-pham\/dong-hop-kim-chromium\/"},"modified":"2026-04-18T14:56:50","modified_gmt":"2026-04-18T07:56:50","slug":"dau-vo-hat-dieu-degum","status":"publish","type":"product","link":"https:\/\/cardanol.vn\/en\/san-pham\/dau-vo-hat-dieu-degum\/","title":{"rendered":"D\u1ea6U V\u1ece H\u1ea0T \u0110I\u1ec0U DEGUM"},"content":{"rendered":"<p><b>\u0110\u1eb7c t\u00ednh n\u1ed5i b\u1eadt c\u1ee7a Degummed CNSL<\/b><\/p>\n<p><span style=\"font-weight: 400;\">So v\u1edbi d\u1ea7u v\u1ecf h\u1ea1t \u0111i\u1ec1u th\u00f4, Degummed CNSL c\u00f3 \u0111\u1ed9 s\u1ea1ch cao h\u01a1n, gi\u1ea3m \u0111\u00e1ng k\u1ec3 c\u00e1c t\u1ea1p ch\u1ea5t g\u00e2y c\u1eb7n trong qu\u00e1 tr\u00ecnh \u0111\u1ed1t. Nh\u1edd \u0111\u00f3, d\u1ea7u c\u00f3 kh\u1ea3 n\u0103ng ch\u00e1y \u1ed5n \u0111\u1ecbnh h\u01a1n v\u00e0 h\u1ea1n ch\u1ebf t\u00ecnh tr\u1ea1ng t\u1eafc ngh\u1ebdn trong h\u1ec7 th\u1ed1ng. \u0110\u1ed3ng th\u1eddi, s\u1ea3n ph\u1ea9m v\u1eabn gi\u1eef \u0111\u01b0\u1ee3c \u01b0u \u0111i\u1ec3m v\u1ec1 chi ph\u00ed v\u00e0 t\u00ednh linh ho\u1ea1t, ph\u00f9 h\u1ee3p v\u1edbi nhi\u1ec1u m\u00f4 h\u00ecnh v\u1eadn h\u00e0nh kh\u00e1c nhau.<\/span><\/p>\n<p><b>\u1ee8ng d\u1ee5ng c\u1ee7a d\u1ea7u CNSL Degum trong c\u00f4ng nghi\u1ec7p<\/b><\/p>\n<p><span style=\"font-weight: 400;\">Degummed CNSL \u0111\u01b0\u1ee3c s\u1eed d\u1ee5ng ph\u1ed5 bi\u1ebfn trong c\u00e1c h\u1ec7 th\u1ed1ng n\u1ed3i h\u01a1i, l\u00f2 \u0111\u1ed1t c\u00f4ng nghi\u1ec7p v\u00e0 c\u00e1c ng\u00e0nh s\u1ea3n xu\u1ea5t v\u1eadt li\u1ec7u x\u00e2y d\u1ef1ng nh\u01b0 g\u1ea1ch ceramic, silicat ho\u1eb7c c\u00e1c quy tr\u00ecnh gia nhi\u1ec7t. S\u1ea3n ph\u1ea9m \u0111\u1eb7c bi\u1ec7t ph\u00f9 h\u1ee3p v\u1edbi doanh nghi\u1ec7p c\u1ea7n c\u00e2n b\u1eb1ng gi\u1eefa hi\u1ec7u su\u1ea5t v\u1eadn h\u00e0nh v\u00e0 chi ph\u00ed nhi\u00ean li\u1ec7u, nh\u01b0ng ch\u01b0a y\u00eau c\u1ea7u m\u1ee9c \u0111\u1ed9 tinh s\u1ea1ch cao nh\u01b0 d\u1ea7u tinh ch\u1ebf ho\u00e0n to\u00e0n.<\/span><\/p>\n<p><b>Hi\u1ec7u qu\u1ea3 s\u1eed d\u1ee5ng v\u00e0 kh\u1ea3 n\u0103ng thay th\u1ebf nhi\u00ean li\u1ec7u<\/b><\/p>\n<p><span style=\"font-weight: 400;\">D\u1ea7u v\u1ecf h\u1ea1t \u0111i\u1ec1u Degum c\u00f3 th\u1ec3 s\u1eed d\u1ee5ng \u0111\u1ed9c l\u1eadp ho\u1eb7c pha tr\u1ed9n v\u1edbi d\u1ea7u FO \u0111\u1ec3 n\u00e2ng cao hi\u1ec7u qu\u1ea3 \u0111\u1ed1t v\u00e0 t\u1ed1i \u01b0u chi ph\u00ed. So v\u1edbi d\u1ea7u th\u00f4, Degummed CNSL gi\u00fap gi\u1ea3m c\u1eb7n v\u00e0 c\u1ea3i thi\u1ec7n \u0111\u1ed9 \u1ed5n \u0111\u1ecbnh, trong khi v\u1eabn \u0111\u1ea3m b\u1ea3o m\u1ee9c chi ph\u00ed h\u1ee3p l\u00fd cho doanh nghi\u1ec7p.<\/span><\/p>\n<p><span style=\"font-weight: 400;\">L\u1ee3i \u00edch khi s\u1eed d\u1ee5ng Degummed CNSL: Vi\u1ec7c s\u1eed d\u1ee5ng Degummed CNSL gi\u00fap doanh nghi\u1ec7p gi\u1ea3m thi\u1ec3u c\u1eb7n b\u00e1m trong h\u1ec7 th\u1ed1ng, c\u1ea3i thi\u1ec7n hi\u1ec7u su\u1ea5t ch\u00e1y v\u00e0 h\u1ea1n ch\u1ebf gi\u00e1n \u0111o\u1ea1n v\u1eadn h\u00e0nh. \u0110\u00e2y l\u00e0 l\u1ef1a ch\u1ecdn ph\u00f9 h\u1ee3p cho c\u00e1c \u0111\u01a1n v\u1ecb mu\u1ed1n n\u00e2ng c\u1ea5p t\u1eeb d\u1ea7u th\u00f4 nh\u01b0ng v\u1eabn ki\u1ec3m so\u00e1t chi ph\u00ed \u0111\u1ea7u v\u00e0o.<\/span><\/p>\n","protected":false},"excerpt":{"rendered":"<p><b>D\u1ea7u v\u1ecf h\u1ea1t \u0111i\u1ec1u Degum<\/b><\/p>\n<p><span style=\"font-weight: 400;\">D\u1ea7u v\u1ecf h\u1ea1t \u0111i\u1ec1u Degum (Degummed CNSL) l\u00e0 s\u1ea3n ph\u1ea9m \u0111\u01b0\u1ee3c x\u1eed l\u00fd t\u1eeb d\u1ea7u v\u1ecf h\u1ea1t \u0111i\u1ec1u th\u00f4 th\u00f4ng qua qu\u00e1 tr\u00ecnh lo\u1ea1i b\u1ecf c\u00e1c t\u1ea1p ch\u1ea5t d\u1ea1ng keo (gum) v\u00e0 c\u1eb7n kh\u00f4ng mong mu\u1ed1n. Qu\u00e1 tr\u00ecnh degumming gi\u00fap c\u1ea3i thi\u1ec7n \u0111\u1ed9 s\u1ea1ch c\u1ee7a d\u1ea7u m\u00e0 v\u1eabn gi\u1eef \u0111\u01b0\u1ee3c ph\u1ea7n l\u1edbn \u0111\u1eb7c t\u00ednh t\u1ef1 nhi\u00ean c\u1ee7a CNSL.<\/span><\/p>\n<p><span style=\"font-weight: 400;\">\u0110\u00e2y l\u00e0 b\u01b0\u1edbc x\u1eed l\u00fd trung gian, gi\u00fap d\u1ea7u \u0111\u1ea1t ch\u1ea5t l\u01b0\u1ee3ng \u1ed5n \u0111\u1ecbnh h\u01a1n so v\u1edbi d\u1ea7u th\u00f4.<\/span><\/p>\n","protected":false},"featured_media":0,"template":"","meta":[],"product_brand":[],"product_cat":[198],"product_tag":[],"class_list":{"0":"post-3043","1":"product","2":"type-product","3":"status-publish","5":"product_cat-san-pham-dong-en","7":"first","8":"instock","9":"shipping-taxable","10":"product-type-simple"},"_links":{"self":[{"href":"https:\/\/cardanol.vn\/en\/wp-json\/wp\/v2\/product\/3043","targetHints":{"allow":["GET"]}}],"collection":[{"href":"https:\/\/cardanol.vn\/en\/wp-json\/wp\/v2\/product"}],"about":[{"href":"https:\/\/cardanol.vn\/en\/wp-json\/wp\/v2\/types\/product"}],"wp:attachment":[{"href":"https:\/\/cardanol.vn\/en\/wp-json\/wp\/v2\/media?parent=3043"}],"wp:term":[{"taxonomy":"product_brand","embeddable":true,"href":"https:\/\/cardanol.vn\/en\/wp-json\/wp\/v2\/product_brand?post=3043"},{"taxonomy":"product_cat","embeddable":true,"href":"https:\/\/cardanol.vn\/en\/wp-json\/wp\/v2\/product_cat?post=3043"},{"taxonomy":"product_tag","embeddable":true,"href":"https:\/\/cardanol.vn\/en\/wp-json\/wp\/v2\/product_tag?post=3043"}],"curies":[{"name":"wp","href":"https:\/\/api.w.org\/{rel}","templated":true}]}}