{"id":3044,"date":"2022-03-01T16:41:23","date_gmt":"2022-03-01T09:41:23","guid":{"rendered":"https:\/\/cardanolvn132.mbws.vn\/san-pham\/dong-do\/"},"modified":"2026-04-18T14:58:10","modified_gmt":"2026-04-18T07:58:10","slug":"cardanol","status":"publish","type":"product","link":"https:\/\/cardanol.vn\/en\/san-pham\/cardanol\/","title":{"rendered":"CARDANOL"},"content":{"rendered":"<p><b>\u0110\u1eb7c t\u00ednh n\u1ed5i b\u1eadt c\u1ee7a Cardanol<\/b><\/p>\n<p><span style=\"font-weight: 400;\">Cardanol s\u1edf h\u1eefu c\u1ea5u tr\u00fac phenol v\u1edbi chu\u1ed7i hydrocarbon d\u00e0i, mang l\u1ea1i nhi\u1ec1u \u0111\u1eb7c t\u00ednh \u01b0u vi\u1ec7t:<\/span><\/p>\n<ul>\n<li style=\"font-weight: 400;\" aria-level=\"1\"><span style=\"font-weight: 400;\">\u0110\u1ed9 \u1ed5n \u0111\u1ecbnh nhi\u1ec7t v\u00e0 h\u00f3a h\u1ecdc cao<\/span><\/li>\n<li style=\"font-weight: 400;\" aria-level=\"1\"><span style=\"font-weight: 400;\">Kh\u1ea3 n\u0103ng ch\u1ed1ng \u0103n m\u00f2n v\u00e0 kh\u00e1ng h\u00f3a ch\u1ea5t t\u1ed1t<\/span><\/li>\n<li style=\"font-weight: 400;\" aria-level=\"1\"><span style=\"font-weight: 400;\">T\u00ednh linh ho\u1ea1t trong ph\u1ea3n \u1ee9ng h\u00f3a h\u1ecdc<\/span><\/li>\n<li style=\"font-weight: 400;\" aria-level=\"1\"><span style=\"font-weight: 400;\">Ngu\u1ed3n g\u1ed1c t\u1ef1 nhi\u00ean, th\u00e2n thi\u1ec7n v\u1edbi m\u00f4i tr\u01b0\u1eddng<\/span><\/li>\n<\/ul>\n<p><span style=\"font-weight: 400;\">Nh\u1eefng \u0111\u1eb7c t\u00ednh n\u00e0y gi\u00fap Cardanol tr\u1edf th\u00e0nh nguy\u00ean li\u1ec7u quan tr\u1ecdng trong s\u1ea3n xu\u1ea5t c\u00e1c v\u1eadt li\u1ec7u k\u1ef9 thu\u1eadt.<\/span><\/p>\n<p><b>\u1ee8ng d\u1ee5ng c\u1ee7a Cardanol trong c\u00f4ng nghi\u1ec7p<\/b><\/p>\n<p><span style=\"font-weight: 400;\">Cardanol \u0111\u01b0\u1ee3c \u1ee9ng d\u1ee5ng r\u1ed9ng r\u00e3i trong nhi\u1ec1u l\u0129nh v\u1ef1c:<\/span><\/p>\n<ul>\n<li style=\"font-weight: 400;\" aria-level=\"1\"><span style=\"font-weight: 400;\">S\u1ea3n xu\u1ea5t nh\u1ef1a (resin), epoxy v\u00e0 polymer<\/span><\/li>\n<li style=\"font-weight: 400;\" aria-level=\"1\"><span style=\"font-weight: 400;\">S\u01a1n ph\u1ee7 c\u00f4ng nghi\u1ec7p v\u00e0 ch\u1ea5t ch\u1ed1ng \u0103n m\u00f2n<\/span><\/li>\n<li style=\"font-weight: 400;\" aria-level=\"1\"><span style=\"font-weight: 400;\">Ch\u1ea5t k\u1ebft d\u00ednh (adhesives)<\/span><\/li>\n<li style=\"font-weight: 400;\" aria-level=\"1\"><span style=\"font-weight: 400;\">V\u1eadt li\u1ec7u c\u00e1ch \u0111i\u1ec7n v\u00e0 v\u1eadt li\u1ec7u composite<\/span><\/li>\n<\/ul>\n<p><span style=\"font-weight: 400;\">\u0110\u1eb7c bi\u1ec7t, Cardanol \u0111\u01b0\u1ee3c s\u1eed d\u1ee5ng \u0111\u1ec3 thay th\u1ebf m\u1ed9t ph\u1ea7n c\u00e1c nguy\u00ean li\u1ec7u h\u00f3a d\u1ea7u, g\u00f3p ph\u1ea7n ph\u00e1t tri\u1ec3n c\u00e1c s\u1ea3n ph\u1ea9m th\u00e2n thi\u1ec7n m\u00f4i tr\u01b0\u1eddng.<\/span><\/p>\n<p><b>Gi\u00e1 tr\u1ecb s\u1eed d\u1ee5ng v\u00e0 ti\u1ec1m n\u0103ng thay th\u1ebf<\/b><\/p>\n<p><span style=\"font-weight: 400;\">So v\u1edbi c\u00e1c nguy\u00ean li\u1ec7u h\u00f3a d\u1ea7u truy\u1ec1n th\u1ed1ng, Cardanol mang l\u1ea1i l\u1ee3i th\u1ebf v\u1ec1 ngu\u1ed3n g\u1ed1c sinh h\u1ecdc, kh\u1ea3 n\u0103ng t\u00e1i t\u1ea1o v\u00e0 hi\u1ec7u su\u1ea5t \u1ed5n \u0111\u1ecbnh. \u0110\u00e2y l\u00e0 xu h\u01b0\u1edbng \u0111\u01b0\u1ee3c nhi\u1ec1u doanh nghi\u1ec7p \u01b0u ti\u00ean trong b\u1ed1i c\u1ea3nh chuy\u1ec3n d\u1ecbch sang c\u00e1c gi\u1ea3i ph\u00e1p b\u1ec1n v\u1eefng.<\/span><\/p>\n<p><span style=\"font-weight: 400;\">Vi\u1ec7c s\u1eed d\u1ee5ng Cardanol kh\u00f4ng ch\u1ec9 gi\u00fap \u0111a d\u1ea1ng h\u00f3a ngu\u1ed3n nguy\u00ean li\u1ec7u m\u00e0 c\u00f2n n\u00e2ng cao gi\u00e1 tr\u1ecb s\u1ea3n ph\u1ea9m \u0111\u1ea7u ra trong c\u00e1c ng\u00e0nh c\u00f4ng nghi\u1ec7p h\u00f3a ch\u1ea5t.<\/span><\/p>\n<p><span style=\"font-weight: 400;\">L\u1ee3i \u00edch khi s\u1eed d\u1ee5ng Cardanol:<\/span><\/p>\n<ul>\n<li style=\"font-weight: 400;\" aria-level=\"1\"><span style=\"font-weight: 400;\">Ngu\u1ed3n nguy\u00ean li\u1ec7u t\u1ef1 nhi\u00ean, b\u1ec1n v\u1eefng<\/span><\/li>\n<li style=\"font-weight: 400;\" aria-level=\"1\"><span style=\"font-weight: 400;\">Gi\u1ea3m ph\u1ee5 thu\u1ed9c v\u00e0o nguy\u00ean li\u1ec7u h\u00f3a d\u1ea7u<\/span><\/li>\n<li style=\"font-weight: 400;\" aria-level=\"1\"><span style=\"font-weight: 400;\">T\u0103ng \u0111\u1ed9 b\u1ec1n v\u00e0 kh\u1ea3 n\u0103ng ch\u1ed1ng \u0103n m\u00f2n c\u1ee7a s\u1ea3n ph\u1ea9m<\/span><\/li>\n<li style=\"font-weight: 400;\" aria-level=\"1\"><span style=\"font-weight: 400;\">Ph\u00f9 h\u1ee3p v\u1edbi xu h\u01b0\u1edbng ph\u00e1t tri\u1ec3n v\u1eadt li\u1ec7u xanh<\/span><\/li>\n<\/ul>\n","protected":false},"excerpt":{"rendered":"<p><b>Cardanol<\/b><\/p>\n<p><span style=\"font-weight: 400;\">Cardanol l\u00e0 h\u1ee3p ch\u1ea5t phenolic t\u1ef1 nhi\u00ean \u0111\u01b0\u1ee3c t\u00e1ch chi\u1ebft t\u1eeb d\u1ea7u v\u1ecf h\u1ea1t \u0111i\u1ec1u (CNSL) th\u00f4ng qua qu\u00e1 tr\u00ecnh x\u1eed l\u00fd nhi\u1ec7t v\u00e0 ch\u01b0ng c\u1ea5t. \u0110\u00e2y l\u00e0 th\u00e0nh ph\u1ea7n \u0111\u00e3 \u0111\u01b0\u1ee3c tinh l\u1ecdc t\u1eeb c\u00e1c h\u1ee3p ch\u1ea5t ban \u0111\u1ea7u nh\u01b0 axit anacardic, mang l\u1ea1i \u0111\u1ed9 \u1ed5n \u0111\u1ecbnh cao v\u00e0 ph\u00f9 h\u1ee3p cho nhi\u1ec1u \u1ee9ng d\u1ee5ng c\u00f4ng nghi\u1ec7p chuy\u00ean s\u00e2u.<\/span><\/p>\n<p><span style=\"font-weight: 400;\">Kh\u00e1c v\u1edbi d\u1ea7u CNSL d\u00f9ng l\u00e0m nhi\u00ean li\u1ec7u, Cardanol \u0111\u01b0\u1ee3c xem l\u00e0 nguy\u00ean li\u1ec7u h\u00f3a h\u1ecdc sinh h\u1ecdc (bio-based chemical) c\u00f3 gi\u00e1 tr\u1ecb cao, \u0111\u01b0\u1ee3c s\u1eed d\u1ee5ng r\u1ed9ng r\u00e3i trong ng\u00e0nh c\u00f4ng nghi\u1ec7p h\u00f3a ch\u1ea5t.<\/span><\/p>\n","protected":false},"featured_media":0,"template":"","meta":[],"product_brand":[],"product_cat":[198],"product_tag":[],"class_list":{"0":"post-3044","1":"product","2":"type-product","3":"status-publish","5":"product_cat-san-pham-dong-en","7":"first","8":"instock","9":"shipping-taxable","10":"product-type-simple"},"_links":{"self":[{"href":"https:\/\/cardanol.vn\/en\/wp-json\/wp\/v2\/product\/3044","targetHints":{"allow":["GET"]}}],"collection":[{"href":"https:\/\/cardanol.vn\/en\/wp-json\/wp\/v2\/product"}],"about":[{"href":"https:\/\/cardanol.vn\/en\/wp-json\/wp\/v2\/types\/product"}],"wp:attachment":[{"href":"https:\/\/cardanol.vn\/en\/wp-json\/wp\/v2\/media?parent=3044"}],"wp:term":[{"taxonomy":"product_brand","embeddable":true,"href":"https:\/\/cardanol.vn\/en\/wp-json\/wp\/v2\/product_brand?post=3044"},{"taxonomy":"product_cat","embeddable":true,"href":"https:\/\/cardanol.vn\/en\/wp-json\/wp\/v2\/product_cat?post=3044"},{"taxonomy":"product_tag","embeddable":true,"href":"https:\/\/cardanol.vn\/en\/wp-json\/wp\/v2\/product_tag?post=3044"}],"curies":[{"name":"wp","href":"https:\/\/api.w.org\/{rel}","templated":true}]}}