{"id":3045,"date":"2022-03-01T16:37:48","date_gmt":"2022-03-01T09:37:48","guid":{"rendered":"https:\/\/cardanolvn132.mbws.vn\/san-pham\/dong-thau\/"},"modified":"2026-04-18T14:59:17","modified_gmt":"2026-04-18T07:59:17","slug":"can-cnsl","status":"publish","type":"product","link":"https:\/\/cardanol.vn\/en\/san-pham\/can-cnsl\/","title":{"rendered":"C\u1eb6N CNSL"},"content":{"rendered":"<p><b>\u0110\u1eb7c t\u00ednh c\u1ee7a c\u1eb7n CNSL<\/b><\/p>\n<p><span style=\"font-weight: 400;\">C\u1eb7n CNSL c\u00f3 \u0111\u1ed9 nh\u1edbt cao, ch\u1ee9a c\u00e1c th\u00e0nh ph\u1ea7n kh\u00f3 bay h\u01a1i v\u00e0 c\u00f3 kh\u1ea3 n\u0103ng sinh nhi\u1ec7t khi \u0111\u1ed1t. So v\u1edbi d\u1ea7u CNSL tinh ch\u1ebf ho\u1eb7c degum, s\u1ea3n ph\u1ea9m n\u00e0y c\u00f3 m\u1ee9c \u0111\u1ed9 \u1ed5n \u0111\u1ecbnh th\u1ea5p h\u01a1n, nh\u01b0ng b\u00f9 l\u1ea1i mang l\u1ea1i l\u1ee3i th\u1ebf v\u1ec1 chi ph\u00ed v\u00e0 kh\u1ea3 n\u0103ng t\u1eadn d\u1ee5ng t\u1ed1i \u0111a ngu\u1ed3n nguy\u00ean li\u1ec7u.<\/span><\/p>\n<p><span style=\"font-weight: 400;\">Nh\u1edd \u0111\u1eb7c t\u00ednh n\u00e0y, c\u1eb7n CNSL th\u01b0\u1eddng \u0111\u01b0\u1ee3c s\u1eed d\u1ee5ng trong c\u00e1c h\u1ec7 th\u1ed1ng kh\u00f4ng y\u00eau c\u1ea7u cao v\u1ec1 \u0111\u1ed9 s\u1ea1ch nhi\u00ean li\u1ec7u.<\/span><\/p>\n<p><b>\u1ee8ng d\u1ee5ng c\u1ee7a c\u1eb7n CNSL trong c\u00f4ng nghi\u1ec7p<\/b><\/p>\n<p><span style=\"font-weight: 400;\">C\u1eb7n CNSL \u0111\u01b0\u1ee3c s\u1eed d\u1ee5ng ch\u1ee7 y\u1ebfu l\u00e0m nhi\u00ean li\u1ec7u \u0111\u1ed1t trong c\u00e1c h\u1ec7 th\u1ed1ng c\u00f4ng nghi\u1ec7p nh\u01b0:<\/span><\/p>\n<ul>\n<li style=\"font-weight: 400;\" aria-level=\"1\"><span style=\"font-weight: 400;\">N\u1ed3i h\u01a1i c\u00f4ng su\u1ea5t ph\u00f9 h\u1ee3p<\/span><\/li>\n<li style=\"font-weight: 400;\" aria-level=\"1\"><span style=\"font-weight: 400;\">L\u00f2 \u0111\u1ed1t c\u00f4ng nghi\u1ec7p<\/span><\/li>\n<li style=\"font-weight: 400;\" aria-level=\"1\"><span style=\"font-weight: 400;\">C\u00e1c quy tr\u00ecnh gia nhi\u1ec7t kh\u00f4ng y\u00eau c\u1ea7u ki\u1ec3m so\u00e1t kh\u1eaft khe<\/span><\/li>\n<\/ul>\n<p><span style=\"font-weight: 400;\">S\u1ea3n ph\u1ea9m ph\u00f9 h\u1ee3p v\u1edbi c\u00e1c doanh nghi\u1ec7p \u01b0u ti\u00ean t\u1ed1i \u01b0u chi ph\u00ed nhi\u00ean li\u1ec7u v\u00e0 c\u00f3 h\u1ec7 th\u1ed1ng c\u00f3 th\u1ec3 x\u1eed l\u00fd nhi\u00ean li\u1ec7u \u0111\u1ed9 nh\u1edbt cao.<\/span><\/p>\n<p><b>Hi\u1ec7u qu\u1ea3 s\u1eed d\u1ee5ng v\u00e0 t\u1ed1i \u01b0u chi ph\u00ed<\/b><\/p>\n<p><span style=\"font-weight: 400;\">C\u1eb7n CNSL c\u00f3 th\u1ec3 \u0111\u01b0\u1ee3c s\u1eed d\u1ee5ng \u0111\u1ed9c l\u1eadp ho\u1eb7c pha tr\u1ed9n v\u1edbi c\u00e1c lo\u1ea1i nhi\u00ean li\u1ec7u kh\u00e1c nh\u01b0 d\u1ea7u FO nh\u1eb1m t\u1eadn d\u1ee5ng ngu\u1ed3n nguy\u00ean li\u1ec7u v\u00e0 gi\u1ea3m chi ph\u00ed v\u1eadn h\u00e0nh. \u0110\u00e2y l\u00e0 gi\u1ea3i ph\u00e1p ph\u00f9 h\u1ee3p trong b\u1ed1i c\u1ea3nh doanh nghi\u1ec7p c\u1ea7n ki\u1ec3m so\u00e1t chi ph\u00ed \u0111\u1ea7u v\u00e0o m\u00e0 v\u1eabn \u0111\u1ea3m b\u1ea3o hi\u1ec7u qu\u1ea3 sinh nhi\u1ec7t.<\/span><\/p>\n<p><span style=\"font-weight: 400;\">L\u1ee3i \u00edch khi s\u1eed d\u1ee5ng c\u1eb7n CNSL: Vi\u1ec7c s\u1eed d\u1ee5ng c\u1eb7n CNSL gi\u00fap doanh nghi\u1ec7p t\u1eadn d\u1ee5ng t\u1ed1i \u0111a ngu\u1ed3n nguy\u00ean li\u1ec7u t\u1eeb qu\u00e1 tr\u00ecnh s\u1ea3n xu\u1ea5t d\u1ea7u v\u1ecf h\u1ea1t \u0111i\u1ec1u, g\u00f3p ph\u1ea7n gi\u1ea3m l\u00e3ng ph\u00ed v\u00e0 t\u1ed1i \u01b0u chi ph\u00ed nhi\u00ean li\u1ec7u. \u0110\u00e2y l\u00e0 l\u1ef1a ch\u1ecdn ph\u00f9 h\u1ee3p cho c\u00e1c h\u1ec7 th\u1ed1ng c\u00f3 y\u00eau c\u1ea7u linh ho\u1ea1t v\u00e0 kh\u00f4ng qu\u00e1 kh\u1eaft khe v\u1ec1 ti\u00eau chu\u1ea9n nhi\u00ean li\u1ec7u.<\/span><\/p>\n","protected":false},"excerpt":{"rendered":"<p><b>C\u1eb7n CNSL\u00a0<\/b><\/p>\n<p><span style=\"font-weight: 400;\">C\u1eb7n CNSL l\u00e0 ph\u1ea7n c\u00f2n l\u1ea1i sau qu\u00e1 tr\u00ecnh ch\u1ebf bi\u1ebfn v\u00e0 tinh l\u1ecdc d\u1ea7u v\u1ecf h\u1ea1t \u0111i\u1ec1u (CNSL), bao g\u1ed3m c\u00e1c h\u1ee3p ch\u1ea5t n\u1eb7ng v\u00e0 th\u00e0nh ph\u1ea7n c\u00f3 \u0111\u1ed9 nh\u1edbt cao. M\u1eb7c d\u00f9 kh\u00f4ng \u0111\u1ea1t \u0111\u1ed9 tinh khi\u1ebft nh\u01b0 c\u00e1c s\u1ea3n ph\u1ea9m CNSL \u0111\u00e3 qua x\u1eed l\u00fd, c\u1eb7n CNSL v\u1eabn gi\u1eef \u0111\u01b0\u1ee3c kh\u1ea3 n\u0103ng sinh nhi\u1ec7t v\u00e0 c\u00f3 th\u1ec3 t\u1eadn d\u1ee5ng hi\u1ec7u qu\u1ea3 trong nhi\u1ec1u \u1ee9ng d\u1ee5ng c\u00f4ng nghi\u1ec7p.<\/span><\/p>\n","protected":false},"featured_media":0,"template":"","meta":[],"product_brand":[],"product_cat":[198],"product_tag":[],"class_list":{"0":"post-3045","1":"product","2":"type-product","3":"status-publish","5":"product_cat-san-pham-dong-en","7":"first","8":"instock","9":"shipping-taxable","10":"product-type-simple"},"_links":{"self":[{"href":"https:\/\/cardanol.vn\/en\/wp-json\/wp\/v2\/product\/3045","targetHints":{"allow":["GET"]}}],"collection":[{"href":"https:\/\/cardanol.vn\/en\/wp-json\/wp\/v2\/product"}],"about":[{"href":"https:\/\/cardanol.vn\/en\/wp-json\/wp\/v2\/types\/product"}],"wp:attachment":[{"href":"https:\/\/cardanol.vn\/en\/wp-json\/wp\/v2\/media?parent=3045"}],"wp:term":[{"taxonomy":"product_brand","embeddable":true,"href":"https:\/\/cardanol.vn\/en\/wp-json\/wp\/v2\/product_brand?post=3045"},{"taxonomy":"product_cat","embeddable":true,"href":"https:\/\/cardanol.vn\/en\/wp-json\/wp\/v2\/product_cat?post=3045"},{"taxonomy":"product_tag","embeddable":true,"href":"https:\/\/cardanol.vn\/en\/wp-json\/wp\/v2\/product_tag?post=3045"}],"curies":[{"name":"wp","href":"https:\/\/api.w.org\/{rel}","templated":true}]}}