{"id":3046,"date":"2022-03-01T16:29:54","date_gmt":"2022-03-01T09:29:54","guid":{"rendered":"https:\/\/cardanolvn132.mbws.vn\/san-pham\/phoi-thep\/"},"modified":"2026-04-18T15:00:29","modified_gmt":"2026-04-18T08:00:29","slug":"ba-vo-hat-dieu","status":"publish","type":"product","link":"https:\/\/cardanol.vn\/en\/san-pham\/ba-vo-hat-dieu\/","title":{"rendered":"B\u00c3 V\u1ece H\u1ea0T \u0110I\u1ec0U"},"content":{"rendered":"<p><b>\u0110\u1eb7c t\u00ednh n\u1ed5i b\u1eadt c\u1ee7a CNSE<\/b><\/p>\n<p><span style=\"font-weight: 400;\">B\u00e3 v\u1ecf h\u1ea1t \u0111i\u1ec1u c\u00f3 \u0111\u1eb7c t\u00ednh kh\u00f4, d\u1ec5 ch\u00e1y v\u00e0 c\u00f3 kh\u1ea3 n\u0103ng sinh nhi\u1ec7t \u1ed5n \u0111\u1ecbnh khi s\u1eed d\u1ee5ng trong c\u00e1c h\u1ec7 th\u1ed1ng \u0111\u1ed1t ph\u00f9 h\u1ee3p. So v\u1edbi nhi\u00ean li\u1ec7u h\u00f3a th\u1ea1ch, CNSE mang l\u1ea1i l\u1ee3i th\u1ebf v\u1ec1 chi ph\u00ed v\u00e0 ngu\u1ed3n g\u1ed1c t\u1ef1 nhi\u00ean.<\/span><\/p>\n<p><span style=\"font-weight: 400;\">Ngo\u00e0i ra, s\u1ea3n ph\u1ea9m c\u00f3 t\u00ednh ch\u1ea5t sinh kh\u1ed1i, gi\u00fap doanh nghi\u1ec7p h\u01b0\u1edbng \u0111\u1ebfn c\u00e1c gi\u1ea3i ph\u00e1p n\u0103ng l\u01b0\u1ee3ng th\u00e2n thi\u1ec7n v\u1edbi m\u00f4i tr\u01b0\u1eddng.<\/span><\/p>\n<p><b>\u1ee8ng d\u1ee5ng c\u1ee7a b\u00e3 v\u1ecf h\u1ea1t \u0111i\u1ec1u trong c\u00f4ng nghi\u1ec7p<\/b><\/p>\n<p><span style=\"font-weight: 400;\">CNSE \u0111\u01b0\u1ee3c s\u1eed d\u1ee5ng ch\u1ee7 y\u1ebfu l\u00e0m nhi\u00ean li\u1ec7u \u0111\u1ed1t trong c\u00e1c h\u1ec7 th\u1ed1ng:<\/span><\/p>\n<ul>\n<li style=\"font-weight: 400;\" aria-level=\"1\"><span style=\"font-weight: 400;\">L\u00f2 h\u01a1i sinh kh\u1ed1i<\/span><\/li>\n<li style=\"font-weight: 400;\" aria-level=\"1\"><span style=\"font-weight: 400;\">L\u00f2 \u0111\u1ed1t c\u00f4ng nghi\u1ec7p s\u1eed d\u1ee5ng nhi\u00ean li\u1ec7u r\u1eafn<\/span><\/li>\n<li style=\"font-weight: 400;\" aria-level=\"1\"><span style=\"font-weight: 400;\">C\u00e1c h\u1ec7 th\u1ed1ng gia nhi\u1ec7t s\u1eed d\u1ee5ng nguy\u00ean li\u1ec7u sinh h\u1ecdc<\/span><\/li>\n<\/ul>\n<p><span style=\"font-weight: 400;\">S\u1ea3n ph\u1ea9m ph\u00f9 h\u1ee3p v\u1edbi c\u00e1c doanh nghi\u1ec7p \u0111\u00e3 ho\u1eb7c \u0111ang chuy\u1ec3n \u0111\u1ed5i sang nhi\u00ean li\u1ec7u sinh kh\u1ed1i thay th\u1ebf nhi\u00ean li\u1ec7u h\u00f3a th\u1ea1ch.<\/span><\/p>\n<p><b>Hi\u1ec7u qu\u1ea3 s\u1eed d\u1ee5ng v\u00e0 l\u1ee3i \u00edch kinh t\u1ebf<\/b><\/p>\n<p><span style=\"font-weight: 400;\">B\u00e3 v\u1ecf h\u1ea1t \u0111i\u1ec1u gi\u00fap doanh nghi\u1ec7p t\u1eadn d\u1ee5ng ngu\u1ed3n nguy\u00ean li\u1ec7u s\u1eb5n c\u00f3 v\u1edbi chi ph\u00ed th\u1ea5p, \u0111\u1ed3ng th\u1eddi gi\u1ea3m ph\u1ee5 thu\u1ed9c v\u00e0o c\u00e1c lo\u1ea1i nhi\u00ean li\u1ec7u truy\u1ec1n th\u1ed1ng nh\u01b0 d\u1ea7u FO ho\u1eb7c than.<\/span><\/p>\n<p><span style=\"font-weight: 400;\">Vi\u1ec7c s\u1eed d\u1ee5ng CNSE kh\u00f4ng ch\u1ec9 mang l\u1ea1i hi\u1ec7u qu\u1ea3 kinh t\u1ebf m\u00e0 c\u00f2n g\u00f3p ph\u1ea7n gi\u1ea3m l\u01b0\u1ee3ng ch\u1ea5t th\u1ea3i v\u00e0 t\u1ed1i \u01b0u quy tr\u00ecnh s\u1ea3n xu\u1ea5t theo h\u01b0\u1edbng b\u1ec1n v\u1eefng.<\/span><\/p>\n<p><span style=\"font-weight: 400;\">L\u1ee3i \u00edch khi s\u1eed d\u1ee5ng CNSE: L\u00e0 s\u1ea3n ph\u1ea9m c\u00f3 ngu\u1ed3n g\u1ed1c sinh h\u1ecdc, CNSE ph\u00f9 h\u1ee3p v\u1edbi xu h\u01b0\u1edbng s\u1eed d\u1ee5ng n\u0103ng l\u01b0\u1ee3ng t\u00e1i t\u1ea1o v\u00e0 gi\u1ea3m ph\u00e1t th\u1ea3i trong c\u00f4ng nghi\u1ec7p. \u0110\u00e2y l\u00e0 gi\u1ea3i ph\u00e1p gi\u00fap doanh nghi\u1ec7p v\u1eeba t\u1ed1i \u01b0u chi ph\u00ed, v\u1eeba \u0111\u00e1p \u1ee9ng c\u00e1c ti\u00eau ch\u00ed v\u1ec1 m\u00f4i tr\u01b0\u1eddng v\u00e0 ph\u00e1t tri\u1ec3n b\u1ec1n v\u1eefng.<\/span><\/p>\n","protected":false},"excerpt":{"rendered":"<p><b>B\u00e3 v\u1ecf h\u1ea1t \u0111i\u1ec1u<\/b><\/p>\n<p><span style=\"font-weight: 400;\">B\u00e3 v\u1ecf h\u1ea1t \u0111i\u1ec1u (Cashew Nut Shell Extraction &#8211; CNSE) l\u00e0 ph\u1ea7n nguy\u00ean li\u1ec7u c\u00f2n l\u1ea1i sau qu\u00e1 tr\u00ecnh chi\u1ebft xu\u1ea5t d\u1ea7u t\u1eeb v\u1ecf h\u1ea1t \u0111i\u1ec1u. Sau khi t\u00e1ch c\u00e1c h\u1ee3p ch\u1ea5t d\u1ea7u (CNSL), ph\u1ea7n b\u00e3 v\u1eabn gi\u1eef \u0111\u01b0\u1ee3c c\u1ea5u tr\u00fac h\u1eefu c\u01a1 v\u00e0 kh\u1ea3 n\u0103ng sinh nhi\u1ec7t, ph\u00f9 h\u1ee3p \u0111\u1ec3 s\u1eed d\u1ee5ng l\u00e0m nhi\u00ean li\u1ec7u sinh kh\u1ed1i trong c\u00f4ng nghi\u1ec7p.<\/span><\/p>\n<p><span style=\"font-weight: 400;\">\u0110\u00e2y l\u00e0 s\u1ea3n ph\u1ea9m t\u1eadn d\u1ee5ng t\u1eeb qu\u00e1 tr\u00ecnh ch\u1ebf bi\u1ebfn, g\u00f3p ph\u1ea7n t\u1ed1i \u01b0u h\u00f3a ngu\u1ed3n t\u00e0i nguy\u00ean v\u00e0 gi\u1ea3m thi\u1ec3u ch\u1ea5t th\u1ea3i.<\/span><\/p>\n","protected":false},"featured_media":0,"template":"","meta":[],"product_brand":[],"product_cat":[197],"product_tag":[],"class_list":{"0":"post-3046","1":"product","2":"type-product","3":"status-publish","5":"product_cat-san-pham-thep-en","7":"first","8":"instock","9":"shipping-taxable","10":"product-type-simple"},"_links":{"self":[{"href":"https:\/\/cardanol.vn\/en\/wp-json\/wp\/v2\/product\/3046","targetHints":{"allow":["GET"]}}],"collection":[{"href":"https:\/\/cardanol.vn\/en\/wp-json\/wp\/v2\/product"}],"about":[{"href":"https:\/\/cardanol.vn\/en\/wp-json\/wp\/v2\/types\/product"}],"wp:attachment":[{"href":"https:\/\/cardanol.vn\/en\/wp-json\/wp\/v2\/media?parent=3046"}],"wp:term":[{"taxonomy":"product_brand","embeddable":true,"href":"https:\/\/cardanol.vn\/en\/wp-json\/wp\/v2\/product_brand?post=3046"},{"taxonomy":"product_cat","embeddable":true,"href":"https:\/\/cardanol.vn\/en\/wp-json\/wp\/v2\/product_cat?post=3046"},{"taxonomy":"product_tag","embeddable":true,"href":"https:\/\/cardanol.vn\/en\/wp-json\/wp\/v2\/product_tag?post=3046"}],"curies":[{"name":"wp","href":"https:\/\/api.w.org\/{rel}","templated":true}]}}