{"id":3047,"date":"2022-03-01T16:24:27","date_gmt":"2022-03-01T09:24:27","guid":{"rendered":"https:\/\/cardanolvn132.mbws.vn\/san-pham\/thep-cuon\/"},"modified":"2026-04-18T14:51:57","modified_gmt":"2026-04-18T07:51:57","slug":"vo-dieu","status":"publish","type":"product","link":"https:\/\/cardanol.vn\/en\/san-pham\/vo-dieu\/","title":{"rendered":"V\u1ece \u0110I\u1ec0U"},"content":{"rendered":"<p><b>\u0110\u1eb7c t\u00ednh n\u1ed5i b\u1eadt c\u1ee7a v\u1ecf h\u1ea1t \u0111i\u1ec1u<\/b><\/p>\n<p><span style=\"font-weight: 400;\">V\u1ecf h\u1ea1t \u0111i\u1ec1u c\u00f3 c\u1ea5u tr\u00fac r\u1eafn, ch\u1ee9a d\u1ea7u t\u1ef1 nhi\u00ean v\u00e0 c\u00e1c h\u1ee3p ch\u1ea5t phenolic, mang l\u1ea1i kh\u1ea3 n\u0103ng sinh nhi\u1ec7t khi \u0111\u1ed1t. \u0110\u00e2y l\u00e0 ngu\u1ed3n nguy\u00ean li\u1ec7u d\u1ed3i d\u00e0o t\u1ea1i Vi\u1ec7t Nam, \u0111\u1eb7c bi\u1ec7t trong c\u00e1c v\u00f9ng ch\u1ebf bi\u1ebfn h\u1ea1t \u0111i\u1ec1u.<\/span><\/p>\n<p><span style=\"font-weight: 400;\">Ngo\u00e0i ra, v\u1ecf \u0111i\u1ec1u c\u00f3 th\u1ec3 \u0111\u01b0\u1ee3c x\u1eed l\u00fd ho\u1eb7c s\u1eed d\u1ee5ng tr\u1ef1c ti\u1ebfp t\u00f9y theo m\u1ee5c \u0111\u00edch, t\u1eeb chi\u1ebft xu\u1ea5t d\u1ea7u \u0111\u1ebfn l\u00e0m nhi\u00ean li\u1ec7u sinh kh\u1ed1i.<\/span><\/p>\n<p><b>\u1ee8ng d\u1ee5ng c\u1ee7a v\u1ecf h\u1ea1t \u0111i\u1ec1u trong c\u00f4ng nghi\u1ec7p<\/b><\/p>\n<p><span style=\"font-weight: 400;\">V\u1ecf h\u1ea1t \u0111i\u1ec1u \u0111\u01b0\u1ee3c s\u1eed d\u1ee5ng trong nhi\u1ec1u m\u1ee5c \u0111\u00edch kh\u00e1c nhau:<\/span><\/p>\n<ul>\n<li style=\"font-weight: 400;\" aria-level=\"1\"><span style=\"font-weight: 400;\">Nguy\u00ean li\u1ec7u chi\u1ebft xu\u1ea5t d\u1ea7u CNSL<\/span><\/li>\n<li style=\"font-weight: 400;\" aria-level=\"1\"><span style=\"font-weight: 400;\">S\u1ea3n xu\u1ea5t Cardanol v\u00e0 c\u00e1c d\u1eabn xu\u1ea5t h\u00f3a h\u1ecdc<\/span><\/li>\n<li style=\"font-weight: 400;\" aria-level=\"1\"><span style=\"font-weight: 400;\">Nhi\u00ean li\u1ec7u \u0111\u1ed1t sinh kh\u1ed1i trong l\u00f2 h\u01a1i v\u00e0 l\u00f2 \u0111\u1ed1t c\u00f4ng nghi\u1ec7p<\/span><\/li>\n<\/ul>\n<p><span style=\"font-weight: 400;\">S\u1ea3n ph\u1ea9m ph\u00f9 h\u1ee3p v\u1edbi c\u00e1c doanh nghi\u1ec7p trong ng\u00e0nh ch\u1ebf bi\u1ebfn, n\u0103ng l\u01b0\u1ee3ng v\u00e0 h\u00f3a ch\u1ea5t.<\/span><\/p>\n<p><b>Gi\u00e1 tr\u1ecb s\u1eed d\u1ee5ng v\u00e0 ti\u1ec1m n\u0103ng khai th\u00e1c<\/b><\/p>\n<p><span style=\"font-weight: 400;\">V\u1ecf h\u1ea1t \u0111i\u1ec1u l\u00e0 ngu\u1ed3n nguy\u00ean li\u1ec7u c\u00f3 gi\u00e1 tr\u1ecb kinh t\u1ebf nh\u1edd kh\u1ea3 n\u0103ng khai th\u00e1c \u0111a d\u1ea1ng: v\u1eeba ph\u1ee5c v\u1ee5 s\u1ea3n xu\u1ea5t d\u1ea7u CNSL, v\u1eeba c\u00f3 th\u1ec3 t\u1eadn d\u1ee5ng l\u00e0m nhi\u00ean li\u1ec7u. \u0110i\u1ec1u n\u00e0y gi\u00fap doanh nghi\u1ec7p t\u1ed1i \u01b0u chi ph\u00ed \u0111\u1ea7u v\u00e0o v\u00e0 n\u00e2ng cao hi\u1ec7u qu\u1ea3 s\u1eed d\u1ee5ng t\u00e0i nguy\u00ean.<\/span><\/p>\n<p><span style=\"font-weight: 400;\">V\u1edbi ngu\u1ed3n cung \u1ed5n \u0111\u1ecbnh v\u00e0 kh\u1ea3 n\u0103ng \u1ee9ng d\u1ee5ng linh ho\u1ea1t, v\u1ecf h\u1ea1t \u0111i\u1ec1u ng\u00e0y c\u00e0ng \u0111\u01b0\u1ee3c xem l\u00e0 nguy\u00ean li\u1ec7u quan tr\u1ecdng trong chu\u1ed7i gi\u00e1 tr\u1ecb s\u1ea3n xu\u1ea5t c\u00f4ng nghi\u1ec7p. Vi\u1ec7c s\u1eed d\u1ee5ng v\u1ecf \u0111i\u1ec1u kh\u00f4ng ch\u1ec9 mang l\u1ea1i l\u1ee3i \u00edch kinh t\u1ebf m\u00e0 c\u00f2n g\u00f3p ph\u1ea7n gi\u1ea3m thi\u1ec3u l\u00e3ng ph\u00ed v\u00e0 h\u01b0\u1edbng \u0111\u1ebfn ph\u00e1t tri\u1ec3n b\u1ec1n v\u1eefng.<\/span><\/p>\n","protected":false},"excerpt":{"rendered":"<p><b>V\u1ecf h\u1ea1t \u0111i\u1ec1u (Cashew Nut Shell) l\u00e0 g\u00ec?<\/b><\/p>\n<p><span style=\"font-weight: 400;\">V\u1ecf h\u1ea1t \u0111i\u1ec1u (Cashew Nut Shell) l\u00e0 l\u1edbp v\u1ecf c\u1ee9ng bao quanh nh\u00e2n h\u1ea1t \u0111i\u1ec1u, ch\u1ee9a h\u00e0m l\u01b0\u1ee3ng d\u1ea7u t\u1ef1 nhi\u00ean cao (CNSL \u2013 Cashew Nut Shell Liquid). \u0110\u00e2y l\u00e0 nguy\u00ean li\u1ec7u \u0111\u1ea7u v\u00e0o quan tr\u1ecdng trong qu\u00e1 tr\u00ecnh s\u1ea3n xu\u1ea5t c\u00e1c s\u1ea3n ph\u1ea9m nh\u01b0 d\u1ea7u v\u1ecf h\u1ea1t \u0111i\u1ec1u th\u00f4, d\u1ea7u tinh ch\u1ebf, Cardanol v\u00e0 c\u00e1c d\u1eabn xu\u1ea5t kh\u00e1c.<\/span><\/p>\n<p><span style=\"font-weight: 400;\">Nh\u1edd \u0111\u1eb7c t\u00ednh gi\u00e0u h\u1ee3p ch\u1ea5t h\u1eefu c\u01a1, v\u1ecf h\u1ea1t \u0111i\u1ec1u kh\u00f4ng ch\u1ec9 l\u00e0 nguy\u00ean li\u1ec7u chi\u1ebft xu\u1ea5t d\u1ea7u m\u00e0 c\u00f2n c\u00f3 th\u1ec3 s\u1eed d\u1ee5ng tr\u1ef1c ti\u1ebfp trong nhi\u1ec1u \u1ee9ng d\u1ee5ng c\u00f4ng nghi\u1ec7p.<\/span><\/p>\n","protected":false},"featured_media":0,"template":"","meta":[],"product_brand":[],"product_cat":[197],"product_tag":[],"class_list":{"0":"post-3047","1":"product","2":"type-product","3":"status-publish","5":"product_cat-san-pham-thep-en","7":"first","8":"instock","9":"shipping-taxable","10":"product-type-simple"},"_links":{"self":[{"href":"https:\/\/cardanol.vn\/en\/wp-json\/wp\/v2\/product\/3047","targetHints":{"allow":["GET"]}}],"collection":[{"href":"https:\/\/cardanol.vn\/en\/wp-json\/wp\/v2\/product"}],"about":[{"href":"https:\/\/cardanol.vn\/en\/wp-json\/wp\/v2\/types\/product"}],"wp:attachment":[{"href":"https:\/\/cardanol.vn\/en\/wp-json\/wp\/v2\/media?parent=3047"}],"wp:term":[{"taxonomy":"product_brand","embeddable":true,"href":"https:\/\/cardanol.vn\/en\/wp-json\/wp\/v2\/product_brand?post=3047"},{"taxonomy":"product_cat","embeddable":true,"href":"https:\/\/cardanol.vn\/en\/wp-json\/wp\/v2\/product_cat?post=3047"},{"taxonomy":"product_tag","embeddable":true,"href":"https:\/\/cardanol.vn\/en\/wp-json\/wp\/v2\/product_tag?post=3047"}],"curies":[{"name":"wp","href":"https:\/\/api.w.org\/{rel}","templated":true}]}}