{"id":3048,"date":"2022-03-01T16:16:01","date_gmt":"2022-03-01T09:16:01","guid":{"rendered":"https:\/\/cardanolvn132.mbws.vn\/san-pham\/thep-goc-deu-canh\/"},"modified":"2026-04-18T15:07:05","modified_gmt":"2026-04-18T08:07:05","slug":"vien-nen-vo-dieu","status":"publish","type":"product","link":"https:\/\/cardanol.vn\/en\/san-pham\/vien-nen-vo-dieu\/","title":{"rendered":"VI\u00caN N\u00c9N V\u1ece \u0110I\u1ec0U"},"content":{"rendered":"<p><b>\u0110\u1eb7c t\u00ednh n\u1ed5i b\u1eadt c\u1ee7a vi\u00ean n\u00e9n v\u1ecf \u0111i\u1ec1u<\/b><\/p>\n<p><span style=\"font-weight: 400;\">Vi\u00ean n\u00e9n v\u1ecf h\u1ea1t \u0111i\u1ec1u c\u00f3 \u0111\u1ed9 \u1ea9m th\u1ea5p, m\u1eadt \u0111\u1ed9 n\u00e9n cao v\u00e0 kh\u1ea3 n\u0103ng ch\u00e1y \u1ed5n \u0111\u1ecbnh, gi\u00fap n\u00e2ng cao hi\u1ec7u su\u1ea5t sinh nhi\u1ec7t trong qu\u00e1 tr\u00ecnh s\u1eed d\u1ee5ng. So v\u1edbi v\u1ecf \u0111i\u1ec1u th\u00f4 ho\u1eb7c CNSE, pellet c\u00f3 t\u00ednh \u0111\u1ed3ng nh\u1ea5t cao h\u01a1n, d\u1ec5 ki\u1ec3m so\u00e1t trong v\u1eadn h\u00e0nh v\u00e0 gi\u1ea3m thi\u1ec3u hao h\u1ee5t nhi\u00ean li\u1ec7u. Ngo\u00e0i ra, s\u1ea3n ph\u1ea9m thu\u1eadn ti\u1ec7n trong vi\u1ec7c l\u01b0u tr\u1eef, v\u1eadn chuy\u1ec3n v\u00e0 c\u1ea5p li\u1ec7u t\u1ef1 \u0111\u1ed9ng cho h\u1ec7 th\u1ed1ng \u0111\u1ed1t.<\/span><\/p>\n<p><b>\u1ee8ng d\u1ee5ng c\u1ee7a Cashew Nut Shell Pellet<\/b><\/p>\n<p><span style=\"font-weight: 400;\">Vi\u00ean n\u00e9n v\u1ecf h\u1ea1t \u0111i\u1ec1u \u0111\u01b0\u1ee3c s\u1eed d\u1ee5ng r\u1ed9ng r\u00e3i trong c\u00e1c h\u1ec7 th\u1ed1ng:<\/span><\/p>\n<ul>\n<li style=\"font-weight: 400;\" aria-level=\"1\"><span style=\"font-weight: 400;\">L\u00f2 h\u01a1i sinh kh\u1ed1i<\/span><\/li>\n<li style=\"font-weight: 400;\" aria-level=\"1\"><span style=\"font-weight: 400;\">L\u00f2 \u0111\u1ed1t c\u00f4ng nghi\u1ec7p s\u1eed d\u1ee5ng nhi\u00ean li\u1ec7u r\u1eafn<\/span><\/li>\n<li style=\"font-weight: 400;\" aria-level=\"1\"><span style=\"font-weight: 400;\">H\u1ec7 th\u1ed1ng \u0111\u1ed1t t\u1ef1 \u0111\u1ed9ng (pellet burner)<\/span><\/li>\n<\/ul>\n<p><span style=\"font-weight: 400;\">S\u1ea3n ph\u1ea9m ph\u00f9 h\u1ee3p v\u1edbi c\u00e1c doanh nghi\u1ec7p \u0111ang chuy\u1ec3n \u0111\u1ed5i sang nhi\u00ean li\u1ec7u sinh kh\u1ed1i s\u1ea1ch v\u00e0 \u1ed5n \u0111\u1ecbnh.<\/span><\/p>\n<p><b>Hi\u1ec7u qu\u1ea3 s\u1eed d\u1ee5ng v\u00e0 l\u1ee3i \u00edch kinh t\u1ebf<\/b><\/p>\n<p><span style=\"font-weight: 400;\">Nh\u1edd \u0111\u1eb7c t\u00ednh ch\u00e1y \u1ed5n \u0111\u1ecbnh v\u00e0 d\u1ec5 ki\u1ec3m so\u00e1t, vi\u00ean n\u00e9n v\u1ecf \u0111i\u1ec1u gi\u00fap doanh nghi\u1ec7p t\u1ed1i \u01b0u hi\u1ec7u su\u1ea5t \u0111\u1ed1t, gi\u1ea3m th\u1ea5t tho\u00e1t nhi\u00ean li\u1ec7u v\u00e0 ti\u1ebft ki\u1ec7m chi ph\u00ed v\u1eadn h\u00e0nh. \u0110\u1ed3ng th\u1eddi, vi\u1ec7c s\u1eed d\u1ee5ng pellet gi\u00fap gi\u1ea3m chi ph\u00ed nh\u00e2n c\u00f4ng trong qu\u00e1 tr\u00ecnh c\u1ea5p li\u1ec7u so v\u1edbi nguy\u00ean li\u1ec7u th\u00f4.<\/span><\/p>\n<p><span style=\"font-weight: 400;\">Vi\u00ean n\u00e9n v\u1ecf h\u1ea1t \u0111i\u1ec1u l\u00e0 gi\u1ea3i ph\u00e1p n\u0103ng l\u01b0\u1ee3ng th\u00e2n thi\u1ec7n v\u1edbi m\u00f4i tr\u01b0\u1eddng, t\u1eadn d\u1ee5ng ngu\u1ed3n nguy\u00ean li\u1ec7u sinh h\u1ecdc t\u1eeb ng\u00e0nh ch\u1ebf bi\u1ebfn h\u1ea1t \u0111i\u1ec1u. \u0110\u00e2y l\u00e0 xu h\u01b0\u1edbng \u0111\u01b0\u1ee3c nhi\u1ec1u doanh nghi\u1ec7p l\u1ef1a ch\u1ecdn nh\u1eb1m gi\u1ea3m ph\u00e1t th\u1ea3i v\u00e0 h\u01b0\u1edbng \u0111\u1ebfn ph\u00e1t tri\u1ec3n b\u1ec1n v\u1eefng.<\/span><\/p>\n","protected":false},"excerpt":{"rendered":"<p><b>Vi\u00ean n\u00e9n v\u1ecf h\u1ea1t \u0111i\u1ec1u<\/b><\/p>\n<p><span style=\"font-weight: 400;\">Vi\u00ean n\u00e9n v\u1ecf h\u1ea1t \u0111i\u1ec1u (Cashew Nut Shell Pellet) l\u00e0 s\u1ea3n ph\u1ea9m \u0111\u01b0\u1ee3c s\u1ea3n xu\u1ea5t t\u1eeb v\u1ecf h\u1ea1t \u0111i\u1ec1u ho\u1eb7c b\u00e3 v\u1ecf h\u1ea1t \u0111i\u1ec1u (CNSE) th\u00f4ng qua qu\u00e1 tr\u00ecnh nghi\u1ec1n, s\u1ea5y v\u00e0 \u00e9p th\u00e0nh d\u1ea1ng vi\u00ean n\u00e9n. Qu\u00e1 tr\u00ecnh n\u00e0y gi\u00fap chu\u1ea9n h\u00f3a nguy\u00ean li\u1ec7u sinh kh\u1ed1i, t\u1ea1o ra s\u1ea3n ph\u1ea9m c\u00f3 k\u00edch th\u01b0\u1edbc \u0111\u1ed3ng \u0111\u1ec1u, d\u1ec5 s\u1eed d\u1ee5ng v\u00e0 t\u1ed1i \u01b0u cho c\u00e1c h\u1ec7 th\u1ed1ng \u0111\u1ed1t c\u00f4ng nghi\u1ec7p.<\/span><\/p>\n","protected":false},"featured_media":0,"template":"","meta":[],"product_brand":[],"product_cat":[197],"product_tag":[],"class_list":{"0":"post-3048","1":"product","2":"type-product","3":"status-publish","5":"product_cat-san-pham-thep-en","7":"first","8":"instock","9":"shipping-taxable","10":"product-type-simple"},"_links":{"self":[{"href":"https:\/\/cardanol.vn\/en\/wp-json\/wp\/v2\/product\/3048","targetHints":{"allow":["GET"]}}],"collection":[{"href":"https:\/\/cardanol.vn\/en\/wp-json\/wp\/v2\/product"}],"about":[{"href":"https:\/\/cardanol.vn\/en\/wp-json\/wp\/v2\/types\/product"}],"wp:attachment":[{"href":"https:\/\/cardanol.vn\/en\/wp-json\/wp\/v2\/media?parent=3048"}],"wp:term":[{"taxonomy":"product_brand","embeddable":true,"href":"https:\/\/cardanol.vn\/en\/wp-json\/wp\/v2\/product_brand?post=3048"},{"taxonomy":"product_cat","embeddable":true,"href":"https:\/\/cardanol.vn\/en\/wp-json\/wp\/v2\/product_cat?post=3048"},{"taxonomy":"product_tag","embeddable":true,"href":"https:\/\/cardanol.vn\/en\/wp-json\/wp\/v2\/product_tag?post=3048"}],"curies":[{"name":"wp","href":"https:\/\/api.w.org\/{rel}","templated":true}]}}